{"id":10303,"date":"2025-05-07T07:04:31","date_gmt":"2025-05-07T04:04:31","guid":{"rendered":"https:\/\/gvd.com.tr\/kataloglar\/"},"modified":"2025-12-28T12:53:59","modified_gmt":"2025-12-28T09:53:59","slug":"catalogs","status":"publish","type":"page","link":"https:\/\/gvd.com.tr\/en\/catalogs\/","title":{"rendered":"Catalogs"},"content":{"rendered":"\t\t<div data-elementor-type=\"wp-page\" data-elementor-id=\"10303\" class=\"elementor elementor-10303 elementor-9661\" data-elementor-post-type=\"page\">\n\t\t\t\t<div class=\"elementor-element elementor-element-d210761 e-con-full e-flex e-con e-parent\" data-id=\"d210761\" data-element_type=\"container\" data-e-type=\"container\">\n\t\t<div class=\"elementor-element elementor-element-e74a3b3 e-con-full e-flex e-con e-child\" data-id=\"e74a3b3\" data-element_type=\"container\" data-e-type=\"container\" data-settings=\"{&quot;background_background&quot;:&quot;classic&quot;}\">\n\t\t\t\t<div class=\"elementor-element elementor-element-dd524bd e-n-tabs-none elementor-widget elementor-widget-n-tabs\" data-id=\"dd524bd\" data-element_type=\"widget\" data-e-type=\"widget\" data-settings=\"{&quot;horizontal_scroll_mobile&quot;:&quot;disable&quot;,&quot;horizontal_scroll&quot;:&quot;disable&quot;}\" data-widget_type=\"nested-tabs.default\">\n\t\t\t\t<div class=\"elementor-widget-container\">\n\t\t\t\t\t\t\t<div class=\"e-n-tabs\" data-widget-number=\"232072381\" aria-label=\"Tabs. Open items with Enter or Space, close with Escape and navigate using the Arrow keys.\">\n\t\t\t<div class=\"e-n-tabs-heading\" role=\"tablist\">\n\t\t\t\t\t<button id=\"e-n-tab-title-2320723811\" data-tab-title-id=\"e-n-tab-title-2320723811\" class=\"e-n-tab-title\" aria-selected=\"true\" data-tab-index=\"1\" role=\"tab\" tabindex=\"0\" aria-controls=\"e-n-tab-content-2320723811\" style=\"--n-tabs-title-order: 1;\">\n\t\t\t\t\t\t<span class=\"e-n-tab-title-text\">\n\t\t\t\tCatalogs\t\t\t<\/span>\n\t\t<\/button>\n\t\t\t\t<button id=\"e-n-tab-title-2320723812\" data-tab-title-id=\"e-n-tab-title-2320723812\" class=\"e-n-tab-title\" aria-selected=\"false\" data-tab-index=\"2\" role=\"tab\" tabindex=\"-1\" aria-controls=\"e-n-tab-content-2320723812\" style=\"--n-tabs-title-order: 2;\">\n\t\t\t\t\t\t<span class=\"e-n-tab-title-text\">\n\t\t\t\tCorporate Presentations\t\t\t<\/span>\n\t\t<\/button>\n\t\t\t\t\t<\/div>\n\t\t\t<div class=\"e-n-tabs-content\">\n\t\t\t\t<div id=\"e-n-tab-content-2320723811\" role=\"tabpanel\" aria-labelledby=\"e-n-tab-title-2320723811\" data-tab-index=\"1\" style=\"--n-tabs-title-order: 1;\" class=\"e-active elementor-element elementor-element-ce8285e e-con-full e-flex e-con e-child\" data-id=\"ce8285e\" data-element_type=\"container\" data-e-type=\"container\">\n\t\t<div class=\"elementor-element elementor-element-cfe2dbb e-flex e-con-boxed e-con e-child\" data-id=\"cfe2dbb\" data-element_type=\"container\" data-e-type=\"container\" data-settings=\"{&quot;background_background&quot;:&quot;classic&quot;}\">\n\t\t\t\t\t<div class=\"e-con-inner\">\n\t\t<div class=\"elementor-element elementor-element-b49ac56 e-con-full e-flex e-con e-child\" data-id=\"b49ac56\" data-element_type=\"container\" data-e-type=\"container\">\n\t\t\t\t<div class=\"elementor-element elementor-element-29af6ca elementor-widget elementor-widget-image\" data-id=\"29af6ca\" data-element_type=\"widget\" data-e-type=\"widget\" data-widget_type=\"image.default\">\n\t\t\t\t<div class=\"elementor-widget-container\">\n\t\t\t\t\t\t\t\t\t\t\t\t\t\t\t\t<a href=\"http:\/\/gvd.com.tr\/wp-content\/uploads\/2025\/03\/Premiumxw-katalog.pdf\" target=\"_blank\">\n\t\t\t\t\t\t\t<img fetchpriority=\"high\" decoding=\"async\" width=\"512\" height=\"718\" src=\"https:\/\/gvd.com.tr\/wp-content\/uploads\/2025\/03\/gvd-group-premium-xw-catalog.png\" class=\"attachment-large size-large wp-image-10348\" alt=\"\" srcset=\"https:\/\/gvd.com.tr\/wp-content\/uploads\/2025\/03\/gvd-group-premium-xw-catalog.png 512w, https:\/\/gvd.com.tr\/wp-content\/uploads\/2025\/03\/gvd-group-premium-xw-catalog-214x300.png 214w\" sizes=\"(max-width: 512px) 100vw, 512px\" \/>\t\t\t\t\t\t\t\t<\/a>\n\t\t\t\t\t\t\t\t\t\t\t\t\t\t\t<\/div>\n\t\t\t\t<\/div>\n\t\t\t\t<\/div>\n\t\t<div class=\"elementor-element elementor-element-0f48892 e-con-full e-flex e-con e-child\" data-id=\"0f48892\" data-element_type=\"container\" data-e-type=\"container\">\n\t\t\t\t<div class=\"elementor-element elementor-element-2d2d3a1 elementor-widget elementor-widget-image\" data-id=\"2d2d3a1\" data-element_type=\"widget\" data-e-type=\"widget\" data-widget_type=\"image.default\">\n\t\t\t\t<div class=\"elementor-widget-container\">\n\t\t\t\t\t\t\t\t\t\t\t\t\t\t\t\t<a href=\"http:\/\/gvd.com.tr\/wp-content\/uploads\/2025\/05\/GVD_PremiumX_CATALOG-1.pdf\" target=\"_blank\">\n\t\t\t\t\t\t\t<img decoding=\"async\" width=\"731\" height=\"1024\" src=\"https:\/\/gvd.com.tr\/wp-content\/uploads\/2025\/05\/gvd-group-premiumx-katalog-731x1024.png\" class=\"attachment-large size-large wp-image-10308\" alt=\"\" srcset=\"https:\/\/gvd.com.tr\/wp-content\/uploads\/2025\/05\/gvd-group-premiumx-katalog-731x1024.png 731w, https:\/\/gvd.com.tr\/wp-content\/uploads\/2025\/05\/gvd-group-premiumx-katalog-214x300.png 214w, https:\/\/gvd.com.tr\/wp-content\/uploads\/2025\/05\/gvd-group-premiumx-katalog-768x1076.png 768w, https:\/\/gvd.com.tr\/wp-content\/uploads\/2025\/05\/gvd-group-premiumx-katalog-1096x1536.png 1096w, https:\/\/gvd.com.tr\/wp-content\/uploads\/2025\/05\/gvd-group-premiumx-katalog-1461x2048.png 1461w, https:\/\/gvd.com.tr\/wp-content\/uploads\/2025\/05\/gvd-group-premiumx-katalog-scaled.png 1827w\" sizes=\"(max-width: 731px) 100vw, 731px\" \/>\t\t\t\t\t\t\t\t<\/a>\n\t\t\t\t\t\t\t\t\t\t\t\t\t\t\t<\/div>\n\t\t\t\t<\/div>\n\t\t\t\t<\/div>\n\t\t<div class=\"elementor-element elementor-element-96af656 e-con-full e-flex e-con e-child\" data-id=\"96af656\" data-element_type=\"container\" data-e-type=\"container\">\n\t\t\t\t<div class=\"elementor-element elementor-element-37da431 elementor-widget elementor-widget-image\" data-id=\"37da431\" data-element_type=\"widget\" data-e-type=\"widget\" data-widget_type=\"image.default\">\n\t\t\t\t<div class=\"elementor-widget-container\">\n\t\t\t\t\t\t\t\t\t\t\t\t\t\t\t\t<a href=\"http:\/\/gvd.com.tr\/wp-content\/uploads\/2025\/03\/Premiume-catalog.pdf\" target=\"_blank\">\n\t\t\t\t\t\t\t<img decoding=\"async\" width=\"510\" height=\"715\" src=\"https:\/\/gvd.com.tr\/wp-content\/uploads\/2025\/03\/gvd-group-premium-e-catalog.png\" class=\"attachment-large size-large wp-image-10357\" alt=\"\" srcset=\"https:\/\/gvd.com.tr\/wp-content\/uploads\/2025\/03\/gvd-group-premium-e-catalog.png 510w, https:\/\/gvd.com.tr\/wp-content\/uploads\/2025\/03\/gvd-group-premium-e-catalog-214x300.png 214w\" sizes=\"(max-width: 510px) 100vw, 510px\" \/>\t\t\t\t\t\t\t\t<\/a>\n\t\t\t\t\t\t\t\t\t\t\t\t\t\t\t<\/div>\n\t\t\t\t<\/div>\n\t\t\t\t<\/div>\n\t\t<div class=\"elementor-element elementor-element-4e6889d e-con-full e-flex e-con e-child\" data-id=\"4e6889d\" data-element_type=\"container\" data-e-type=\"container\">\n\t\t\t\t<div class=\"elementor-element elementor-element-220bdab elementor-widget elementor-widget-image\" data-id=\"220bdab\" data-element_type=\"widget\" data-e-type=\"widget\" data-widget_type=\"image.default\">\n\t\t\t\t<div class=\"elementor-widget-container\">\n\t\t\t\t\t\t\t\t\t\t\t\t\t\t\t\t<a href=\"http:\/\/gvd.com.tr\/wp-content\/uploads\/2025\/03\/presecon-katalog.pdf\" target=\"_blank\">\n\t\t\t\t\t\t\t<img loading=\"lazy\" decoding=\"async\" width=\"509\" height=\"717\" src=\"https:\/\/gvd.com.tr\/wp-content\/uploads\/2025\/03\/gvd-group-presecon-catalog.png\" class=\"attachment-large size-large wp-image-10359\" alt=\"\" srcset=\"https:\/\/gvd.com.tr\/wp-content\/uploads\/2025\/03\/gvd-group-presecon-catalog.png 509w, https:\/\/gvd.com.tr\/wp-content\/uploads\/2025\/03\/gvd-group-presecon-catalog-213x300.png 213w\" sizes=\"(max-width: 509px) 100vw, 509px\" \/>\t\t\t\t\t\t\t\t<\/a>\n\t\t\t\t\t\t\t\t\t\t\t\t\t\t\t<\/div>\n\t\t\t\t<\/div>\n\t\t\t\t<\/div>\n\t\t\t\t\t<\/div>\n\t\t\t\t<\/div>\n\t\t<div class=\"elementor-element elementor-element-b1b219b e-flex e-con-boxed e-con e-child\" data-id=\"b1b219b\" data-element_type=\"container\" data-e-type=\"container\" data-settings=\"{&quot;background_background&quot;:&quot;classic&quot;}\">\n\t\t\t\t\t<div class=\"e-con-inner\">\n\t\t<div class=\"elementor-element elementor-element-d175a68 e-con-full e-flex e-con e-child\" data-id=\"d175a68\" data-element_type=\"container\" data-e-type=\"container\">\n\t\t\t\t<div class=\"elementor-element elementor-element-c15cb14 elementor-widget elementor-widget-image\" data-id=\"c15cb14\" data-element_type=\"widget\" data-e-type=\"widget\" data-widget_type=\"image.default\">\n\t\t\t\t<div class=\"elementor-widget-container\">\n\t\t\t\t\t\t\t\t\t\t\t\t\t\t\t\t<a href=\"http:\/\/gvd.com.tr\/wp-content\/uploads\/2025\/03\/Premod-Katalog.pdf\" target=\"_blank\">\n\t\t\t\t\t\t\t<img loading=\"lazy\" decoding=\"async\" width=\"507\" height=\"714\" src=\"https:\/\/gvd.com.tr\/wp-content\/uploads\/2025\/03\/gvd-group-premod-catalog.png\" class=\"attachment-large size-large wp-image-10376\" alt=\"\" srcset=\"https:\/\/gvd.com.tr\/wp-content\/uploads\/2025\/03\/gvd-group-premod-catalog.png 507w, https:\/\/gvd.com.tr\/wp-content\/uploads\/2025\/03\/gvd-group-premod-catalog-213x300.png 213w\" sizes=\"(max-width: 507px) 100vw, 507px\" \/>\t\t\t\t\t\t\t\t<\/a>\n\t\t\t\t\t\t\t\t\t\t\t\t\t\t\t<\/div>\n\t\t\t\t<\/div>\n\t\t\t\t<\/div>\n\t\t<div class=\"elementor-element elementor-element-9245a30 e-con-full e-flex e-con e-child\" data-id=\"9245a30\" data-element_type=\"container\" data-e-type=\"container\">\n\t\t\t\t<div class=\"elementor-element elementor-element-0ecaf6b elementor-widget elementor-widget-image\" data-id=\"0ecaf6b\" data-element_type=\"widget\" data-e-type=\"widget\" data-widget_type=\"image.default\">\n\t\t\t\t<div class=\"elementor-widget-container\">\n\t\t\t\t\t\t\t\t\t\t\t\t\t\t\t\t<a href=\"http:\/\/gvd.com.tr\/wp-content\/uploads\/2025\/03\/prestab-katalog.pdf\" target=\"_blank\">\n\t\t\t\t\t\t\t<img loading=\"lazy\" decoding=\"async\" width=\"509\" height=\"716\" src=\"https:\/\/gvd.com.tr\/wp-content\/uploads\/2025\/03\/gvd-group-prestab-catalog.png\" class=\"attachment-large size-large wp-image-10367\" alt=\"\" srcset=\"https:\/\/gvd.com.tr\/wp-content\/uploads\/2025\/03\/gvd-group-prestab-catalog.png 509w, https:\/\/gvd.com.tr\/wp-content\/uploads\/2025\/03\/gvd-group-prestab-catalog-213x300.png 213w\" sizes=\"(max-width: 509px) 100vw, 509px\" \/>\t\t\t\t\t\t\t\t<\/a>\n\t\t\t\t\t\t\t\t\t\t\t\t\t\t\t<\/div>\n\t\t\t\t<\/div>\n\t\t\t\t<\/div>\n\t\t<div class=\"elementor-element elementor-element-bbd40a4 e-con-full e-flex e-con e-child\" data-id=\"bbd40a4\" data-element_type=\"container\" data-e-type=\"container\">\n\t\t\t\t<div class=\"elementor-element elementor-element-dd85eed elementor-widget elementor-widget-image\" data-id=\"dd85eed\" data-element_type=\"widget\" data-e-type=\"widget\" data-widget_type=\"image.default\">\n\t\t\t\t<div class=\"elementor-widget-container\">\n\t\t\t\t\t\t\t\t\t\t\t\t\t\t\t\t<a href=\"http:\/\/gvd.com.tr\/wp-content\/uploads\/2025\/05\/GVD-Group-Reference.pdf\" target=\"_blank\">\n\t\t\t\t\t\t\t<img loading=\"lazy\" decoding=\"async\" width=\"455\" height=\"642\" src=\"https:\/\/gvd.com.tr\/wp-content\/uploads\/2025\/05\/Ekran-Resmi-2025-05-07-07.04.44.png\" class=\"attachment-large size-large wp-image-11002\" alt=\"\" srcset=\"https:\/\/gvd.com.tr\/wp-content\/uploads\/2025\/05\/Ekran-Resmi-2025-05-07-07.04.44.png 455w, https:\/\/gvd.com.tr\/wp-content\/uploads\/2025\/05\/Ekran-Resmi-2025-05-07-07.04.44-213x300.png 213w\" sizes=\"(max-width: 455px) 100vw, 455px\" \/>\t\t\t\t\t\t\t\t<\/a>\n\t\t\t\t\t\t\t\t\t\t\t\t\t\t\t<\/div>\n\t\t\t\t<\/div>\n\t\t\t\t<\/div>\n\t\t<div class=\"elementor-element elementor-element-d23dd36 e-con-full e-flex e-con e-child\" data-id=\"d23dd36\" data-element_type=\"container\" data-e-type=\"container\">\n\t\t\t\t<div class=\"elementor-element elementor-element-08bad80 elementor-widget elementor-widget-image\" data-id=\"08bad80\" data-element_type=\"widget\" data-e-type=\"widget\" data-widget_type=\"image.default\">\n\t\t\t\t<div class=\"elementor-widget-container\">\n\t\t\t\t\t\t\t\t\t\t\t\t\t\t\t\t<a href=\"http:\/\/gvd.com.tr\/wp-content\/uploads\/2025\/05\/GVD-Withdrawable-Panel-References.pdf\" target=\"_blank\">\n\t\t\t\t\t\t\t<img loading=\"lazy\" decoding=\"async\" width=\"453\" height=\"643\" src=\"https:\/\/gvd.com.tr\/wp-content\/uploads\/2025\/05\/Ekran-Resmi-2025-05-07-13.21.53.png\" class=\"attachment-large size-large wp-image-10307\" alt=\"\" srcset=\"https:\/\/gvd.com.tr\/wp-content\/uploads\/2025\/05\/Ekran-Resmi-2025-05-07-13.21.53.png 453w, https:\/\/gvd.com.tr\/wp-content\/uploads\/2025\/05\/Ekran-Resmi-2025-05-07-13.21.53-211x300.png 211w\" sizes=\"(max-width: 453px) 100vw, 453px\" \/>\t\t\t\t\t\t\t\t<\/a>\n\t\t\t\t\t\t\t\t\t\t\t\t\t\t\t<\/div>\n\t\t\t\t<\/div>\n\t\t\t\t<\/div>\n\t\t\t\t\t<\/div>\n\t\t\t\t<\/div>\n\t\t\t\t<\/div>\n\t\t<div id=\"e-n-tab-content-2320723812\" role=\"tabpanel\" aria-labelledby=\"e-n-tab-title-2320723812\" data-tab-index=\"2\" style=\"--n-tabs-title-order: 2;\" class=\" elementor-element elementor-element-4020a06 e-flex e-con-boxed e-con e-child\" data-id=\"4020a06\" data-element_type=\"container\" data-e-type=\"container\">\n\t\t\t\t\t<div class=\"e-con-inner\">\n\t\t<div class=\"elementor-element elementor-element-4bea4dc e-con-full e-flex e-con e-child\" data-id=\"4bea4dc\" data-element_type=\"container\" data-e-type=\"container\">\n\t\t\t\t<div class=\"elementor-element elementor-element-5244e0b elementor-cta--layout-image-above elementor-cta--valign-middle elementor-cta--skin-classic elementor-animated-content elementor-bg-transform elementor-bg-transform-zoom-in elementor-widget elementor-widget-call-to-action\" data-id=\"5244e0b\" data-element_type=\"widget\" data-e-type=\"widget\" data-widget_type=\"call-to-action.default\">\n\t\t\t\t<div class=\"elementor-widget-container\">\n\t\t\t\t\t\t\t<a class=\"elementor-cta\" href=\"https:\/\/gvd.com.tr\/wp-content\/uploads\/2025\/12\/gvd-group-sirket-tanitim-sunumu.pdf\" target=\"_blank\">\n\t\t\t\t\t<div class=\"elementor-cta__bg-wrapper\">\n\t\t\t\t<div class=\"elementor-cta__bg elementor-bg\" style=\"background-image: url(https:\/\/gvd.com.tr\/wp-content\/uploads\/2025\/12\/gvd-group-sirket-tanitim-sunumu-kapak.webp);\" role=\"img\" aria-label=\"gvd-group-sirket tanitim-sunumu-kapak\"><\/div>\n\t\t\t\t<div class=\"elementor-cta__bg-overlay\"><\/div>\n\t\t\t<\/div>\n\t\t\t\t\t\t\t<div class=\"elementor-cta__content\">\n\t\t\t\t\n\t\t\t\t\t\t\t\t\t<h2 class=\"elementor-cta__title elementor-cta__content-item elementor-content-item\">\n\t\t\t\t\t\t\u015eirket Tan\u0131t\u0131m Sunumu\t\t\t\t\t<\/h2>\n\t\t\t\t\n\t\t\t\t\t\t\t\t\t<div class=\"elementor-cta__description elementor-cta__content-item elementor-content-item\">\n\t\t\t\t\t\t\"T\u00fcrk\u00e7e\"\t\t\t\t\t<\/div>\n\t\t\t\t\n\t\t\t\t\t\t\t\t\t<div class=\"elementor-cta__button-wrapper elementor-cta__content-item elementor-content-item \">\n\t\t\t\t\t<span class=\"elementor-cta__button elementor-button elementor-size-\">\n\t\t\t\t\t\t\u0130ncele\t\t\t\t\t<\/span>\n\t\t\t\t\t<\/div>\n\t\t\t\t\t\t\t<\/div>\n\t\t\t\t\t\t<\/a>\n\t\t\t\t\t\t<\/div>\n\t\t\t\t<\/div>\n\t\t\t\t<\/div>\n\t\t<div class=\"elementor-element elementor-element-4c2c80a e-con-full e-flex e-con e-child\" data-id=\"4c2c80a\" data-element_type=\"container\" data-e-type=\"container\">\n\t\t\t\t<div class=\"elementor-element elementor-element-93da591 elementor-cta--layout-image-above elementor-cta--skin-classic elementor-animated-content elementor-bg-transform elementor-bg-transform-zoom-in elementor-widget elementor-widget-call-to-action\" data-id=\"93da591\" data-element_type=\"widget\" data-e-type=\"widget\" data-widget_type=\"call-to-action.default\">\n\t\t\t\t<div class=\"elementor-widget-container\">\n\t\t\t\t\t\t\t<a class=\"elementor-cta\" href=\"https:\/\/gvd.com.tr\/wp-content\/uploads\/2025\/12\/gvd-group-corporatep-presentation.pdf\" target=\"_blank\">\n\t\t\t\t\t<div class=\"elementor-cta__bg-wrapper\">\n\t\t\t\t<div class=\"elementor-cta__bg elementor-bg\" style=\"background-image: url(https:\/\/gvd.com.tr\/wp-content\/uploads\/2025\/12\/gvd-group-corporatep-presentation-cover.webp);\" role=\"img\" aria-label=\"gvd-group-corporatep-presentation-cover\"><\/div>\n\t\t\t\t<div class=\"elementor-cta__bg-overlay\"><\/div>\n\t\t\t<\/div>\n\t\t\t\t\t\t\t<div class=\"elementor-cta__content\">\n\t\t\t\t\n\t\t\t\t\t\t\t\t\t<h2 class=\"elementor-cta__title elementor-cta__content-item elementor-content-item\">\n\t\t\t\t\t\tCorporate Presentation\t\t\t\t\t<\/h2>\n\t\t\t\t\n\t\t\t\t\t\t\t\t\t<div class=\"elementor-cta__description elementor-cta__content-item elementor-content-item\">\n\t\t\t\t\t\t\"English\"\t\t\t\t\t<\/div>\n\t\t\t\t\n\t\t\t\t\t\t\t\t\t<div class=\"elementor-cta__button-wrapper elementor-cta__content-item elementor-content-item \">\n\t\t\t\t\t<span class=\"elementor-cta__button elementor-button elementor-size-\">\n\t\t\t\t\t\tBrowse\t\t\t\t\t<\/span>\n\t\t\t\t\t<\/div>\n\t\t\t\t\t\t\t<\/div>\n\t\t\t\t\t\t<\/a>\n\t\t\t\t\t\t<\/div>\n\t\t\t\t<\/div>\n\t\t\t\t<\/div>\n\t\t<div class=\"elementor-element elementor-element-624efb5 e-con-full e-flex e-con e-child\" data-id=\"624efb5\" data-element_type=\"container\" data-e-type=\"container\">\n\t\t\t\t<div class=\"elementor-element elementor-element-3f375e1 elementor-cta--layout-image-above elementor-cta--skin-classic elementor-animated-content elementor-bg-transform elementor-bg-transform-zoom-in elementor-widget elementor-widget-call-to-action\" data-id=\"3f375e1\" data-element_type=\"widget\" data-e-type=\"widget\" data-widget_type=\"call-to-action.default\">\n\t\t\t\t<div class=\"elementor-widget-container\">\n\t\t\t\t\t\t\t<a class=\"elementor-cta\" href=\"https:\/\/gvd.com.tr\/wp-content\/uploads\/2025\/12\/gvd-group-korporativnaya-prezentatsiya.pdf\" target=\"_blank\">\n\t\t\t\t\t<div class=\"elementor-cta__bg-wrapper\">\n\t\t\t\t<div class=\"elementor-cta__bg elementor-bg\" style=\"background-image: url(https:\/\/gvd.com.tr\/wp-content\/uploads\/2025\/12\/gvd-group-korporativnaya-prezentatsiya-cover.webp);\" role=\"img\" aria-label=\"gvd-group-korporativnaya-prezentatsiya-cover\"><\/div>\n\t\t\t\t<div class=\"elementor-cta__bg-overlay\"><\/div>\n\t\t\t<\/div>\n\t\t\t\t\t\t\t<div class=\"elementor-cta__content\">\n\t\t\t\t\n\t\t\t\t\t\t\t\t\t<h2 class=\"elementor-cta__title elementor-cta__content-item elementor-content-item\">\n\t\t\t\t\t\tCorporate Presentation\t\t\t\t\t<\/h2>\n\t\t\t\t\n\t\t\t\t\t\t\t\t\t<div class=\"elementor-cta__description elementor-cta__content-item elementor-content-item\">\n\t\t\t\t\t\t\"\u0420\u0443\u0441\u0441\u043a\u0438\u0439\"\t\t\t\t\t<\/div>\n\t\t\t\t\n\t\t\t\t\t\t\t\t\t<div class=\"elementor-cta__button-wrapper elementor-cta__content-item elementor-content-item \">\n\t\t\t\t\t<span class=\"elementor-cta__button elementor-button elementor-size-\">\n\t\t\t\t\t\t\u041f\u0440\u043e\u0441\u043c\u0430\u0442\u0440\u0438\u0432\u0430\u0442\u044c\t\t\t\t\t<\/span>\n\t\t\t\t\t<\/div>\n\t\t\t\t\t\t\t<\/div>\n\t\t\t\t\t\t<\/a>\n\t\t\t\t\t\t<\/div>\n\t\t\t\t<\/div>\n\t\t\t\t<\/div>\n\t\t<div class=\"elementor-element elementor-element-2caa96e e-con-full e-flex e-con e-child\" data-id=\"2caa96e\" data-element_type=\"container\" data-e-type=\"container\">\n\t\t\t\t<div class=\"elementor-element elementor-element-7f744ed elementor-cta--layout-image-above elementor-cta--skin-classic elementor-animated-content elementor-bg-transform elementor-bg-transform-zoom-in elementor-widget elementor-widget-call-to-action\" data-id=\"7f744ed\" data-element_type=\"widget\" data-e-type=\"widget\" data-widget_type=\"call-to-action.default\">\n\t\t\t\t<div class=\"elementor-widget-container\">\n\t\t\t\t\t\t\t<a class=\"elementor-cta\" href=\"https:\/\/gvd.com.tr\/wp-content\/uploads\/2025\/12\/gvd-group-presentacion-corporativa.pdf\" target=\"_blank\">\n\t\t\t\t\t<div class=\"elementor-cta__bg-wrapper\">\n\t\t\t\t<div class=\"elementor-cta__bg elementor-bg\" style=\"background-image: url(https:\/\/gvd.com.tr\/wp-content\/uploads\/2025\/12\/gvd-group-presentacion-corporativa-cover.webp);\" role=\"img\" aria-label=\"gvd-group-presentacion-corporativa-cover\"><\/div>\n\t\t\t\t<div class=\"elementor-cta__bg-overlay\"><\/div>\n\t\t\t<\/div>\n\t\t\t\t\t\t\t<div class=\"elementor-cta__content\">\n\t\t\t\t\n\t\t\t\t\t\t\t\t\t<h2 class=\"elementor-cta__title elementor-cta__content-item elementor-content-item\">\n\t\t\t\t\t\tPresentaci\u00f3n Corporativa\t\t\t\t\t<\/h2>\n\t\t\t\t\n\t\t\t\t\t\t\t\t\t<div class=\"elementor-cta__description elementor-cta__content-item elementor-content-item\">\n\t\t\t\t\t\t\"Espa\u00f1ol\"\t\t\t\t\t<\/div>\n\t\t\t\t\n\t\t\t\t\t\t\t\t\t<div class=\"elementor-cta__button-wrapper elementor-cta__content-item elementor-content-item \">\n\t\t\t\t\t<span class=\"elementor-cta__button elementor-button elementor-size-\">\n\t\t\t\t\t\tNavegar\t\t\t\t\t<\/span>\n\t\t\t\t\t<\/div>\n\t\t\t\t\t\t\t<\/div>\n\t\t\t\t\t\t<\/a>\n\t\t\t\t\t\t<\/div>\n\t\t\t\t<\/div>\n\t\t\t\t<\/div>\n\t\t<div class=\"elementor-element elementor-element-7a99585 e-con-full e-flex e-con e-child\" data-id=\"7a99585\" data-element_type=\"container\" data-e-type=\"container\">\n\t\t\t\t<div class=\"elementor-element elementor-element-e36a41c elementor-cta--layout-image-above elementor-cta--skin-classic elementor-animated-content elementor-bg-transform elementor-bg-transform-zoom-in elementor-widget elementor-widget-call-to-action\" data-id=\"e36a41c\" data-element_type=\"widget\" data-e-type=\"widget\" data-widget_type=\"call-to-action.default\">\n\t\t\t\t<div class=\"elementor-widget-container\">\n\t\t\t\t\t\t\t<a class=\"elementor-cta\" href=\"https:\/\/gvd.com.tr\/wp-content\/uploads\/2025\/12\/gvd-group-apresentacao-corporativa.pdf\" target=\"_blank\">\n\t\t\t\t\t<div class=\"elementor-cta__bg-wrapper\">\n\t\t\t\t<div class=\"elementor-cta__bg elementor-bg\" style=\"background-image: url(https:\/\/gvd.com.tr\/wp-content\/uploads\/2025\/12\/gvd-group-apresentacao-corporativa-cover.webp);\" role=\"img\" aria-label=\"gvd-group-apresentacao-corporativa-cover\"><\/div>\n\t\t\t\t<div class=\"elementor-cta__bg-overlay\"><\/div>\n\t\t\t<\/div>\n\t\t\t\t\t\t\t<div class=\"elementor-cta__content\">\n\t\t\t\t\n\t\t\t\t\t\t\t\t\t<h2 class=\"elementor-cta__title elementor-cta__content-item elementor-content-item\">\n\t\t\t\t\t\tApresenta\u00e7\u00e3o Corporativa\t\t\t\t\t<\/h2>\n\t\t\t\t\n\t\t\t\t\t\t\t\t\t<div class=\"elementor-cta__description elementor-cta__content-item elementor-content-item\">\n\t\t\t\t\t\t\"Portugu\u00eas\"\t\t\t\t\t<\/div>\n\t\t\t\t\n\t\t\t\t\t\t\t\t\t<div class=\"elementor-cta__button-wrapper elementor-cta__content-item elementor-content-item \">\n\t\t\t\t\t<span class=\"elementor-cta__button elementor-button elementor-size-\">\n\t\t\t\t\t\tNavegar\t\t\t\t\t<\/span>\n\t\t\t\t\t<\/div>\n\t\t\t\t\t\t\t<\/div>\n\t\t\t\t\t\t<\/a>\n\t\t\t\t\t\t<\/div>\n\t\t\t\t<\/div>\n\t\t\t\t<\/div>\n\t\t<div class=\"elementor-element elementor-element-ef7336e e-con-full e-flex e-con e-child\" data-id=\"ef7336e\" data-element_type=\"container\" data-e-type=\"container\">\n\t\t\t\t<div class=\"elementor-element elementor-element-0afee40 elementor-cta--layout-image-above elementor-cta--skin-classic elementor-animated-content elementor-bg-transform elementor-bg-transform-zoom-in elementor-widget elementor-widget-call-to-action\" data-id=\"0afee40\" data-element_type=\"widget\" data-e-type=\"widget\" data-widget_type=\"call-to-action.default\">\n\t\t\t\t<div class=\"elementor-widget-container\">\n\t\t\t\t\t\t\t<a class=\"elementor-cta\" href=\"https:\/\/gvd.com.tr\/wp-content\/uploads\/2025\/12\/gvd-group-presentation-d-entreprise.pdf\" target=\"_blank\">\n\t\t\t\t\t<div class=\"elementor-cta__bg-wrapper\">\n\t\t\t\t<div class=\"elementor-cta__bg elementor-bg\" style=\"background-image: url(https:\/\/gvd.com.tr\/wp-content\/uploads\/2025\/12\/gvd-group-presentation-d-entreprise-cover.webp);\" role=\"img\" aria-label=\"gvd-group-presentation-d-entreprise-cover\"><\/div>\n\t\t\t\t<div class=\"elementor-cta__bg-overlay\"><\/div>\n\t\t\t<\/div>\n\t\t\t\t\t\t\t<div class=\"elementor-cta__content\">\n\t\t\t\t\n\t\t\t\t\t\t\t\t\t<h2 class=\"elementor-cta__title elementor-cta__content-item elementor-content-item\">\n\t\t\t\t\t\tPr\u00e9sentation d'entreprise\t\t\t\t\t<\/h2>\n\t\t\t\t\n\t\t\t\t\t\t\t\t\t<div class=\"elementor-cta__description elementor-cta__content-item elementor-content-item\">\n\t\t\t\t\t\t\"Fran\u00e7ais\"\t\t\t\t\t<\/div>\n\t\t\t\t\n\t\t\t\t\t\t\t\t\t<div class=\"elementor-cta__button-wrapper elementor-cta__content-item elementor-content-item \">\n\t\t\t\t\t<span class=\"elementor-cta__button elementor-button elementor-size-\">\n\t\t\t\t\t\tParcourir\t\t\t\t\t<\/span>\n\t\t\t\t\t<\/div>\n\t\t\t\t\t\t\t<\/div>\n\t\t\t\t\t\t<\/a>\n\t\t\t\t\t\t<\/div>\n\t\t\t\t<\/div>\n\t\t\t\t<\/div>\n\t\t\t\t\t<\/div>\n\t\t\t\t<\/div>\n\t\t\t\t\t<\/div>\n\t\t<\/div>\n\t\t\t\t\t\t<\/div>\n\t\t\t\t<\/div>\n\t\t\t\t<\/div>\n\t\t\t\t<\/div>\n\t\t\t\t<\/div>\n\t\t\n    <div class=\"xs_social_share_widget xs_share_url after_content \t\tmain_content  wslu-style-1 wslu-share-box-shaped wslu-fill-colored wslu-none wslu-share-horizontal wslu-theme-font-no wslu-main_content\">\n\n\t\t\n        <ul>\n\t\t\t        <\/ul>\n    <\/div> \n","protected":false},"excerpt":{"rendered":"<p>Catalogs Corporate Presentations \u015eirket Tan\u0131t\u0131m Sunumu &#8220;T\u00fcrk\u00e7e&#8221; \u0130ncele Corporate Presentation &#8220;English&#8221; Browse Corporate Presentation &#8220;\u0420\u0443\u0441\u0441\u043a\u0438\u0439&#8221; \u041f\u0440\u043e\u0441\u043c\u0430\u0442\u0440\u0438\u0432\u0430\u0442\u044c Presentaci\u00f3n Corporativa &#8220;Espa\u00f1ol&#8221; Navegar Apresenta\u00e7\u00e3o Corporativa &#8220;Portugu\u00eas&#8221; Navegar Pr\u00e9sentation d&#8217;entreprise &#8220;Fran\u00e7ais&#8221; Parcourir \u015eirket Tan\u0131t\u0131m Sunumu &#8220;T\u00fcrk\u00e7e&#8221; \u0130ncele Corporate Presentation &#8220;English&#8221; Browse Corporate Presentation &#8220;\u0420\u0443\u0441\u0441\u043a\u0438\u0439&#8221; \u041f\u0440\u043e\u0441\u043c\u0430\u0442\u0440\u0438\u0432\u0430\u0442\u044c Presentaci\u00f3n Corporativa &#8220;Espa\u00f1ol&#8221; Navegar Apresenta\u00e7\u00e3o Corporativa &#8220;Portugu\u00eas&#8221; Navegar Pr\u00e9sentation d&#8217;entreprise &#8220;Fran\u00e7ais&#8221; Parcourir<\/p>\n","protected":false},"author":1,"featured_media":0,"parent":0,"menu_order":0,"comment_status":"closed","ping_status":"closed","template":"elementor_header_footer","meta":{"footnotes":""},"class_list":["post-10303","page","type-page","status-publish","hentry"],"_links":{"self":[{"href":"https:\/\/gvd.com.tr\/en\/wp-json\/wp\/v2\/pages\/10303","targetHints":{"allow":["GET"]}}],"collection":[{"href":"https:\/\/gvd.com.tr\/en\/wp-json\/wp\/v2\/pages"}],"about":[{"href":"https:\/\/gvd.com.tr\/en\/wp-json\/wp\/v2\/types\/page"}],"author":[{"embeddable":true,"href":"https:\/\/gvd.com.tr\/en\/wp-json\/wp\/v2\/users\/1"}],"replies":[{"embeddable":true,"href":"https:\/\/gvd.com.tr\/en\/wp-json\/wp\/v2\/comments?post=10303"}],"version-history":[{"count":20,"href":"https:\/\/gvd.com.tr\/en\/wp-json\/wp\/v2\/pages\/10303\/revisions"}],"predecessor-version":[{"id":13829,"href":"https:\/\/gvd.com.tr\/en\/wp-json\/wp\/v2\/pages\/10303\/revisions\/13829"}],"wp:attachment":[{"href":"https:\/\/gvd.com.tr\/en\/wp-json\/wp\/v2\/media?parent=10303"}],"curies":[{"name":"wp","href":"https:\/\/api.w.org\/{rel}","templated":true}]}}