{"id":13126,"date":"2025-07-04T12:53:09","date_gmt":"2025-07-04T09:53:09","guid":{"rendered":"https:\/\/gvd.com.tr\/distributorship\/"},"modified":"2025-11-20T16:09:19","modified_gmt":"2025-11-20T13:09:19","slug":"distribucion","status":"publish","type":"page","link":"https:\/\/gvd.com.tr\/es\/distribucion\/","title":{"rendered":"Distribuci\u00f3n"},"content":{"rendered":"\t\t<div data-elementor-type=\"wp-page\" data-elementor-id=\"13126\" class=\"elementor elementor-13126 elementor-9924\" data-elementor-post-type=\"page\">\n\t\t\t\t\t\t<section class=\"elementor-section elementor-top-section elementor-element elementor-element-d72d225 elementor-section-boxed elementor-section-height-default elementor-section-height-default\" data-id=\"d72d225\" data-element_type=\"section\" data-e-type=\"section\" data-settings=\"{&quot;background_background&quot;:&quot;classic&quot;}\">\n\t\t\t\t\t\t\t<div class=\"elementor-background-overlay\"><\/div>\n\t\t\t\t\t\t\t<div class=\"elementor-container elementor-column-gap-no\">\n\t\t\t\t\t<div class=\"elementor-column elementor-col-50 elementor-top-column elementor-element elementor-element-1bb35ea\" data-id=\"1bb35ea\" data-element_type=\"column\" data-e-type=\"column\" data-settings=\"{&quot;background_background&quot;:&quot;classic&quot;}\">\n\t\t\t<div class=\"elementor-widget-wrap elementor-element-populated\">\n\t\t\t\t\t<div class=\"elementor-background-overlay\"><\/div>\n\t\t\t\t\t\t<div class=\"elementor-element elementor-element-caf4660 elementor-widget__width-initial elementor-widget elementor-widget-auntri_elementor_heading\" data-id=\"caf4660\" data-element_type=\"widget\" data-e-type=\"widget\" data-widget_type=\"auntri_elementor_heading.default\">\n\t\t\t\t<div class=\"elementor-widget-container\">\n\t\t\t\t\t\n\t\t<div class=\"ova-title\">\n\n\t\t\t\n\t\t\t\t\t\t\t\n\t\t\t\t\n\t\t\t\t\t\n\t\t\t\t\t\t<h2 class=\"title\">\u00a1\u00danete a la red de distribuidores de GVD!<\/h2>\n\n\t\t\t\t\t\n\t\t\t\t\n\t\t\t\n\t\t\t\t\t\t\t<p class=\"description\">Si busca crecer con un socio comercial s\u00f3lido, consolidar su posici\u00f3n en el sector y beneficiarse de las ventajas que ofrece GVD, le invitamos a presentar su solicitud de distribuci\u00f3n. Explore las oportunidades de colaboraci\u00f3n completando nuestro formulario de solicitud de distribuci\u00f3n.<\/p>\n\t\t\t\n\t\t<\/div>\n\t\t \t\n\t\t\t\t\t\t<\/div>\n\t\t\t\t<\/div>\n\t\t\t\t\t<\/div>\n\t\t<\/div>\n\t\t\t\t<div class=\"elementor-column elementor-col-50 elementor-top-column elementor-element elementor-element-2265ad6\" data-id=\"2265ad6\" data-element_type=\"column\" data-e-type=\"column\" data-settings=\"{&quot;background_background&quot;:&quot;classic&quot;}\">\n\t\t\t<div class=\"elementor-widget-wrap elementor-element-populated\">\n\t\t\t\t\t<div class=\"elementor-background-overlay\"><\/div>\n\t\t\t\t\t\t<div class=\"elementor-element elementor-element-9b21e1e elementor-widget elementor-widget-image\" data-id=\"9b21e1e\" data-element_type=\"widget\" data-e-type=\"widget\" data-widget_type=\"image.default\">\n\t\t\t\t<div class=\"elementor-widget-container\">\n\t\t\t\t\t\t\t\t\t\t\t\t\t\t\t<img fetchpriority=\"high\" decoding=\"async\" width=\"2048\" height=\"1292\" src=\"https:\/\/gvd.com.tr\/wp-content\/uploads\/2025\/09\/gvd-group-business-project-2048x1292-1.jpg\" class=\"attachment-full size-full wp-image-10915\" alt=\"\" srcset=\"https:\/\/gvd.com.tr\/wp-content\/uploads\/2025\/09\/gvd-group-business-project-2048x1292-1.jpg 2048w, https:\/\/gvd.com.tr\/wp-content\/uploads\/2025\/09\/gvd-group-business-project-2048x1292-1-300x189.jpg 300w, https:\/\/gvd.com.tr\/wp-content\/uploads\/2025\/09\/gvd-group-business-project-2048x1292-1-1024x646.jpg 1024w, https:\/\/gvd.com.tr\/wp-content\/uploads\/2025\/09\/gvd-group-business-project-2048x1292-1-768x485.jpg 768w, https:\/\/gvd.com.tr\/wp-content\/uploads\/2025\/09\/gvd-group-business-project-2048x1292-1-1536x969.jpg 1536w\" sizes=\"(max-width: 2048px) 100vw, 2048px\" \/>\t\t\t\t\t\t\t\t\t\t\t\t\t\t\t<\/div>\n\t\t\t\t<\/div>\n\t\t\t\t\t<\/div>\n\t\t<\/div>\n\t\t\t\t\t<\/div>\n\t\t<\/section>\n\t\t<div class=\"elementor-element elementor-element-e604e7f e-flex e-con-boxed e-con e-parent\" data-id=\"e604e7f\" data-element_type=\"container\" data-e-type=\"container\">\n\t\t\t\t\t<div class=\"e-con-inner\">\n\t\t\t\t<div class=\"elementor-element elementor-element-7d2528c elementor-align-center elementor-widget__width-auto elementor-widget elementor-widget-button\" data-id=\"7d2528c\" data-element_type=\"widget\" data-e-type=\"widget\" data-widget_type=\"button.default\">\n\t\t\t\t<div class=\"elementor-widget-container\">\n\t\t\t\t\t\t\t\t\t<div class=\"elementor-button-wrapper\">\n\t\t\t\t\t<a class=\"elementor-button elementor-button-link elementor-size-sm\" href=\"http:\/\/gvd.com.tr\/distributor-form\">\n\t\t\t\t\t\t<span class=\"elementor-button-content-wrapper\">\n\t\t\t\t\t\t\t\t\t<span class=\"elementor-button-text\">Formulario de solicitud de distribuidor<\/span>\n\t\t\t\t\t<\/span>\n\t\t\t\t\t<\/a>\n\t\t\t\t<\/div>\n\t\t\t\t\t\t\t\t<\/div>\n\t\t\t\t<\/div>\n\t\t\t\t\t<\/div>\n\t\t\t\t<\/div>\n\t\t\t\t<section class=\"elementor-section elementor-top-section elementor-element elementor-element-ad2f280 elementor-section-boxed elementor-section-height-default elementor-section-height-default\" data-id=\"ad2f280\" data-element_type=\"section\" data-e-type=\"section\" data-settings=\"{&quot;background_background&quot;:&quot;classic&quot;}\">\n\t\t\t\t\t\t<div class=\"elementor-container elementor-column-gap-no\">\n\t\t\t\t\t<div class=\"elementor-column elementor-col-100 elementor-top-column elementor-element elementor-element-128025d\" data-id=\"128025d\" data-element_type=\"column\" data-e-type=\"column\">\n\t\t\t<div class=\"elementor-widget-wrap elementor-element-populated\">\n\t\t\t\t\t\t<div class=\"elementor-element elementor-element-b2ce7ac elementor-widget elementor-widget-auntri_elementor_heading\" data-id=\"b2ce7ac\" data-element_type=\"widget\" data-e-type=\"widget\" data-widget_type=\"auntri_elementor_heading.default\">\n\t\t\t\t<div class=\"elementor-widget-container\">\n\t\t\t\t\t\n\t\t<div class=\"ova-title\">\n\n\t\t\t\n\t\t\t\t\t\t\t\n\t\t\t\t\n\t\t\t\t\t\n\t\t\t\t\t\t<h2 class=\"title\">Ventajas de trabajar con GVD<\/h2>\n\n\t\t\t\t\t\n\t\t\t\t\n\t\t\t\n\t\t\t\n\t\t<\/div>\n\t\t \t\n\t\t\t\t\t\t<\/div>\n\t\t\t\t<\/div>\n\t\t\t\t<div class=\"elementor-element elementor-element-c215d23 elementor-widget elementor-widget-text-editor\" data-id=\"c215d23\" data-element_type=\"widget\" data-e-type=\"widget\" data-widget_type=\"text-editor.default\">\n\t\t\t\t<div class=\"elementor-widget-container\">\n\t\t\t\t\t\t\t\t\t<p>\u00a0<\/p><p><strong>\u2705 S\u00f3lido respaldo de marca:<\/strong> GVD cuenta con una amplia cartera de clientes gracias a su fiabilidad l\u00edder en el sector y a la alta calidad de sus productos. Nuestros distribuidores tienen la oportunidad de trabajar con una marca reconocida y de gran prestigio.<\/p><p><strong>\u2705 Altos est\u00e1ndares de calidad:<\/strong> Nuestros productos se fabrican de acuerdo con las normas internacionales de calidad y ofrecen soluciones que marcan la diferencia en el sector. G\u00e1nese la confianza de sus clientes ofreci\u00e9ndoles lo mejor.<\/p><p><strong>\u2705 Amplia gama de productos:<\/strong> En GVD, ofrecemos a nuestros distribuidores la oportunidad de llegar a diferentes segmentos de clientes gracias a nuestra amplia gama de productos. Esto le permite aumentar su cuota de mercado y ampliar su volumen de ventas.<\/p><p><strong>\u2705 Log\u00edstica y garant\u00eda de suministro:<\/strong> En GVD, le garantizamos que recibir\u00e1 sus productos a tiempo y en su totalidad gracias a nuestra gesti\u00f3n impecable de la cadena de suministro. Nuestras soluciones log\u00edsticas r\u00e1pidas y eficientes aseguran que sus procesos de negocio no se interrumpan.<\/p><p><strong>\u2705 Formaci\u00f3n y soporte t\u00e9cnico:<\/strong> Ofrecemos formaci\u00f3n y soporte t\u00e9cnico peri\u00f3dicos a nuestros distribuidores para garantizar que puedan promocionar nuestros productos de la mejor manera e incrementar sus ventas. El equipo de expertos de GVD sigue brindando apoyo a sus socios comerciales en cada etapa.<\/p><p><strong>\u2705 Modelo de negocio rentable y sostenible:<\/strong> Ofrecemos a nuestros distribuidores pol\u00edticas de precios especiales y alianzas ventajosas, garantizando as\u00ed su alta rentabilidad. Somos el socio ideal para el crecimiento de su negocio y para alcanzar el \u00e9xito a largo plazo.<\/p>\t\t\t\t\t\t\t\t<\/div>\n\t\t\t\t<\/div>\n\t\t\t\t\t<\/div>\n\t\t<\/div>\n\t\t\t\t\t<\/div>\n\t\t<\/section>\n\t\t<div class=\"elementor-element elementor-element-7812af1 e-flex e-con-boxed e-con e-parent\" data-id=\"7812af1\" data-element_type=\"container\" data-e-type=\"container\">\n\t\t\t\t\t<div class=\"e-con-inner\">\n\t\t\t\t<div class=\"elementor-element elementor-element-ba24b52 elementor-widget elementor-widget-spacer\" data-id=\"ba24b52\" data-element_type=\"widget\" data-e-type=\"widget\" data-widget_type=\"spacer.default\">\n\t\t\t\t<div class=\"elementor-widget-container\">\n\t\t\t\t\t\t\t<div class=\"elementor-spacer\">\n\t\t\t<div class=\"elementor-spacer-inner\"><\/div>\n\t\t<\/div>\n\t\t\t\t\t\t<\/div>\n\t\t\t\t<\/div>\n\t\t\t\t\t<\/div>\n\t\t\t\t<\/div>\n\t\t<div class=\"elementor-element elementor-element-6a0d837 e-flex e-con-boxed e-con e-parent\" data-id=\"6a0d837\" data-element_type=\"container\" data-e-type=\"container\">\n\t\t\t\t\t<div class=\"e-con-inner\">\n\t\t\t\t<div class=\"elementor-element elementor-element-07816a1 elementor-widget elementor-widget-heading\" data-id=\"07816a1\" data-element_type=\"widget\" data-e-type=\"widget\" data-widget_type=\"heading.default\">\n\t\t\t\t<div class=\"elementor-widget-container\">\n\t\t\t\t\t<h2 class=\"elementor-heading-title elementor-size-default\">Una s\u00f3lida alianza comercial con GVD<\/h2>\t\t\t\t<\/div>\n\t\t\t\t<\/div>\n\t\t\t\t\t<\/div>\n\t\t\t\t<\/div>\n\t\t<div class=\"elementor-element elementor-element-577a111 e-flex e-con-boxed e-con e-parent\" data-id=\"577a111\" data-element_type=\"container\" data-e-type=\"container\">\n\t\t\t\t\t<div class=\"e-con-inner\">\n\t\t\t\t<div class=\"elementor-element elementor-element-de7b1f4 elementor-widget elementor-widget-text-editor\" data-id=\"de7b1f4\" data-element_type=\"widget\" data-e-type=\"widget\" data-widget_type=\"text-editor.default\">\n\t\t\t\t<div class=\"elementor-widget-container\">\n\t\t\t\t\t\t\t\t\t<p>En GVD, ofrecemos a nuestros socios comerciales un modelo de negocio sostenible y rentable, aprovechando nuestra amplia experiencia en el sector, nuestra innovadora cartera de productos y nuestro enfoque de servicio centrado en el cliente. Al establecer s\u00f3lidas alianzas a largo plazo con nuestros distribuidores, les brindamos la oportunidad de obtener una ventaja competitiva en el mercado.<\/p><p>\u00danase a la red de distribuidores de GVD y aproveche la oportunidad para hacer crecer su negocio y destacarse en el sector.<\/p>\t\t\t\t\t\t\t\t<\/div>\n\t\t\t\t<\/div>\n\t\t\t\t\t<\/div>\n\t\t\t\t<\/div>\n\t\t<div class=\"elementor-element elementor-element-77c79e9 e-flex e-con-boxed e-con e-parent\" data-id=\"77c79e9\" data-element_type=\"container\" data-e-type=\"container\">\n\t\t\t\t\t<div class=\"e-con-inner\">\n\t\t\t\t<div class=\"elementor-element elementor-element-747fa90 elementor-widget elementor-widget-spacer\" data-id=\"747fa90\" data-element_type=\"widget\" data-e-type=\"widget\" data-widget_type=\"spacer.default\">\n\t\t\t\t<div class=\"elementor-widget-container\">\n\t\t\t\t\t\t\t<div class=\"elementor-spacer\">\n\t\t\t<div class=\"elementor-spacer-inner\"><\/div>\n\t\t<\/div>\n\t\t\t\t\t\t<\/div>\n\t\t\t\t<\/div>\n\t\t\t\t\t<\/div>\n\t\t\t\t<\/div>\n\t\t\t\t<section class=\"elementor-section elementor-top-section elementor-element elementor-element-751e0372 elementor-section-full_width elementor-section-stretched elementor-section-height-default elementor-section-height-default\" data-id=\"751e0372\" data-element_type=\"section\" data-e-type=\"section\" data-settings=\"{&quot;background_background&quot;:&quot;classic&quot;,&quot;stretch_section&quot;:&quot;section-stretched&quot;}\">\n\t\t\t\t\t\t<div class=\"elementor-container elementor-column-gap-no\">\n\t\t\t\t\t<div class=\"elementor-column elementor-col-50 elementor-top-column elementor-element elementor-element-1b877f15\" data-id=\"1b877f15\" data-element_type=\"column\" data-e-type=\"column\">\n\t\t\t<div class=\"elementor-widget-wrap elementor-element-populated\">\n\t\t\t\t\t\t<div class=\"elementor-element elementor-element-123adff5 elementor-widget elementor-widget-heading\" data-id=\"123adff5\" data-element_type=\"widget\" data-e-type=\"widget\" data-widget_type=\"heading.default\">\n\t\t\t\t<div class=\"elementor-widget-container\">\n\t\t\t\t\t<h2 class=\"elementor-heading-title elementor-size-default\">P\u00f3ngase en contacto con nosotros para obtener informaci\u00f3n detallada sobre nuestros productos y nuestro trabajo.<\/h2>\t\t\t\t<\/div>\n\t\t\t\t<\/div>\n\t\t\t\t\t<\/div>\n\t\t<\/div>\n\t\t\t\t<div class=\"elementor-column elementor-col-50 elementor-top-column elementor-element elementor-element-408fc6c6\" data-id=\"408fc6c6\" data-element_type=\"column\" data-e-type=\"column\">\n\t\t\t<div class=\"elementor-widget-wrap elementor-element-populated\">\n\t\t\t\t\t\t<div class=\"elementor-element elementor-element-6ac1444b elementor-align-center elementor-widget__width-auto elementor-widget elementor-widget-button\" data-id=\"6ac1444b\" data-element_type=\"widget\" data-e-type=\"widget\" data-widget_type=\"button.default\">\n\t\t\t\t<div class=\"elementor-widget-container\">\n\t\t\t\t\t\t\t\t\t<div class=\"elementor-button-wrapper\">\n\t\t\t\t\t<a class=\"elementor-button elementor-button-link elementor-size-sm\" href=\"https:\/\/gvd.com.tr\/es\/contacto\">\n\t\t\t\t\t\t<span class=\"elementor-button-content-wrapper\">\n\t\t\t\t\t\t\t\t\t<span class=\"elementor-button-text\">Contacta con nosotros<\/span>\n\t\t\t\t\t<\/span>\n\t\t\t\t\t<\/a>\n\t\t\t\t<\/div>\n\t\t\t\t\t\t\t\t<\/div>\n\t\t\t\t<\/div>\n\t\t\t\t\t<\/div>\n\t\t<\/div>\n\t\t\t\t\t<\/div>\n\t\t<\/section>\n\t\t\t\t<\/div>\n\t\t\n    <div class=\"xs_social_share_widget xs_share_url after_content \t\tmain_content  wslu-style-1 wslu-share-box-shaped wslu-fill-colored wslu-none wslu-share-horizontal wslu-theme-font-no wslu-main_content\">\n\n\t\t\n        <ul>\n\t\t\t        <\/ul>\n    <\/div> \n","protected":false},"excerpt":{"rendered":"<p>\u00a1\u00danete a la red de distribuidores de GVD! Si busca crecer con un socio comercial s\u00f3lido, consolidar su posici\u00f3n en el sector y beneficiarse de las ventajas que ofrece GVD, le invitamos a presentar su solicitud de distribuci\u00f3n. Explore las oportunidades de colaboraci\u00f3n completando nuestro formulario de solicitud de distribuci\u00f3n. Formulario de solicitud de distribuidor [&hellip;]<\/p>\n","protected":false},"author":1,"featured_media":0,"parent":0,"menu_order":0,"comment_status":"closed","ping_status":"closed","template":"elementor_header_footer","meta":{"footnotes":""},"class_list":["post-13126","page","type-page","status-publish","hentry"],"_links":{"self":[{"href":"https:\/\/gvd.com.tr\/es\/wp-json\/wp\/v2\/pages\/13126","targetHints":{"allow":["GET"]}}],"collection":[{"href":"https:\/\/gvd.com.tr\/es\/wp-json\/wp\/v2\/pages"}],"about":[{"href":"https:\/\/gvd.com.tr\/es\/wp-json\/wp\/v2\/types\/page"}],"author":[{"embeddable":true,"href":"https:\/\/gvd.com.tr\/es\/wp-json\/wp\/v2\/users\/1"}],"replies":[{"embeddable":true,"href":"https:\/\/gvd.com.tr\/es\/wp-json\/wp\/v2\/comments?post=13126"}],"version-history":[{"count":5,"href":"https:\/\/gvd.com.tr\/es\/wp-json\/wp\/v2\/pages\/13126\/revisions"}],"predecessor-version":[{"id":13135,"href":"https:\/\/gvd.com.tr\/es\/wp-json\/wp\/v2\/pages\/13126\/revisions\/13135"}],"wp:attachment":[{"href":"https:\/\/gvd.com.tr\/es\/wp-json\/wp\/v2\/media?parent=13126"}],"curies":[{"name":"wp","href":"https:\/\/api.w.org\/{rel}","templated":true}]}}