{"id":13153,"date":"2025-11-18T14:49:59","date_gmt":"2025-11-18T11:49:59","guid":{"rendered":"https:\/\/gvd.com.tr\/blog\/"},"modified":"2025-11-20T16:20:40","modified_gmt":"2025-11-20T13:20:40","slug":"blog","status":"publish","type":"page","link":"https:\/\/gvd.com.tr\/es\/blog\/","title":{"rendered":"Blog"},"content":{"rendered":"\t\t<div data-elementor-type=\"wp-page\" data-elementor-id=\"13153\" class=\"elementor elementor-13153 elementor-12877\" data-elementor-post-type=\"page\">\n\t\t\t\t<div class=\"elementor-element elementor-element-3883f39 e-flex e-con-boxed e-con e-parent\" data-id=\"3883f39\" data-element_type=\"container\" data-e-type=\"container\" data-settings=\"{&quot;background_background&quot;:&quot;classic&quot;}\">\n\t\t\t\t\t<div class=\"e-con-inner\">\n\t\t\t\t<div class=\"elementor-element elementor-element-c79a00c elementor-widget elementor-widget-heading\" data-id=\"c79a00c\" data-element_type=\"widget\" data-e-type=\"widget\" data-widget_type=\"heading.default\">\n\t\t\t\t<div class=\"elementor-widget-container\">\n\t\t\t\t\t<h2 class=\"elementor-heading-title elementor-size-default\">Nuestras publicaciones del blog<\/h2>\t\t\t\t<\/div>\n\t\t\t\t<\/div>\n\t\t\t\t\t<\/div>\n\t\t\t\t<\/div>\n\t\t<div class=\"elementor-element elementor-element-8d0e66e e-flex e-con-boxed e-con e-parent\" data-id=\"8d0e66e\" data-element_type=\"container\" data-e-type=\"container\" data-settings=\"{&quot;background_background&quot;:&quot;classic&quot;}\">\n\t\t\t\t\t<div class=\"e-con-inner\">\n\t\t\t\t<div class=\"elementor-element elementor-element-3ace1d6 elementor-widget elementor-widget-auntri_elementor_blog\" data-id=\"3ace1d6\" data-element_type=\"widget\" data-e-type=\"widget\" data-widget_type=\"auntri_elementor_blog.default\">\n\t\t\t\t<div class=\"elementor-widget-container\">\n\t\t\t\t\t\n\t\t\t<ul class=\"ova-blog ova-column_3 version_4 \">\n\t\t\t  \t\t\t\t\t  <li class=\"item\">\n\n\t\t\t\t  \t<div class=\"media\">\n\n\t\t\t\t\t  \t\n\t\t\t\t\t  \t<div class=\"box-img\">\n\t\t\t\t\t  \t\t<a href=\"https:\/\/gvd.com.tr\/es\/que-es-un-pcc-centro-de-control-de-energia\/\" rel=\"bookmark\" title=\"\u00bfQu\u00e9 es un PCC (Centro de control de energ\u00eda)? Caracter\u00edsticas, Aplicaciones y la Diferencia de Calidad de GVD\">\n\t\t\t\t\t\t\t  \t<img decoding=\"async\" src=\"https:\/\/gvd.com.tr\/wp-content\/uploads\/2025\/12\/gvd-group-pcc-blog-spanish.webp\" alt=\"\u00bfQu\u00e9 es un PCC (Centro de control de energ\u00eda)? Caracter\u00edsticas, Aplicaciones y la Diferencia de Calidad de GVD\">\n\t\t\t\t\t\t  \t<\/a>\n\t\t\t\t\t  \t<\/div>\t\t  \t\n\t\t\t\t\t  \t\n\t\t\t\t\t  \t\n\t\t\t\t  \t<\/div>\n\n\t\t\t\t  \t<div class=\"content\">\n\t\t\t\t\t\t\t\n\t\t\t\t\t  \t<ul class=\"post-meta\">\n\t\t\t\t\t\t\t\n\t\t\t\t\t\t\t\t\n\t\t\t\t\t\t\t\t\n\t\t\t\t\t\t\t\t\n\t\t\t\t\t\t\t  \t\t\n\t\t\t\t\t\t\t  \t\n\t\t\t\t\t  \t<\/ul>\n\t\t\t\t\t  \n\t\t\t\t\t\t  \t\t\t\t\t\t\t  <h2 class=\"post-title\">\n\t\t\t\t\t\t\t\t  <a href=\"https:\/\/gvd.com.tr\/es\/que-es-un-pcc-centro-de-control-de-energia\/\" rel=\"bookmark\" title=\"\u00bfQu\u00e9 es un PCC (Centro de control de energ\u00eda)? Caracter\u00edsticas, Aplicaciones y la Diferencia de Calidad de GVD\">\n\t\t\t\t\t\t\t\t\t\u00bfQu\u00e9 es un PCC (Centro de control de energ\u00eda)? Caracter\u00edsticas, Aplicaciones y la Diferencia de Calidad de GVD\t\t\t\t\t\t\t\t  <\/a>\n\t\t\t\t\t\t\t  <\/h2>\n\t\t\t\t\t\t  \n\t\t\t\t\t\t   \n\t\t\t\t\t\t\t  \t<div class=\"short_desc\">\n\t\t\t\t\t\t\t\t  \t<p>Descubra qu\u00e9 es un PCC, sus caracter\u00edsticas, aplicaciones y por qu\u00e9 las soluciones PCC de&hellip;<\/p>\n\t\t\t\t\t\t\t  \t<\/div>\n\t\t\t\t\t\t  \n\t\t\t\t\t\t  \t\n\n\t\t\t\t\t\t   \t\t\t\t\t\t\t   \t\t<a class=\"icon\" href=\"https:\/\/gvd.com.tr\/es\/que-es-un-pcc-centro-de-control-de-energia\/\">\n\t\t\t\t\t\t   \t\t\t<i aria-hidden=\"true\" class=\"flaticon flaticon-right-arrow\"><\/i>\t\t\t\t\t\t   \t\t<\/a>\n\t\t\t\t\t\t   \t\t\n\t\t\t\t\t\t   \t \t\t\t\t\t  <\/div>\n\t\t\t\t\t  \n\t\t\t\t  <\/li>\t\n\t\t\t\t\t  \n\t\t\t  \t\t\t\t  <li class=\"item\">\n\n\t\t\t\t  \t<div class=\"media\">\n\n\t\t\t\t\t  \t\n\t\t\t\t\t  \t<div class=\"box-img\">\n\t\t\t\t\t  \t\t<a href=\"https:\/\/gvd.com.tr\/es\/mpcc-forma-completa-centro-de-control-de-energia-principal\/\" rel=\"bookmark\" title=\"MPCC Forma completa: Centro de control de energ\u00eda principal \u2013 Significado, Caracter\u00edsticas y Soluciones GVD\">\n\t\t\t\t\t\t\t  \t<img decoding=\"async\" src=\"https:\/\/gvd.com.tr\/wp-content\/uploads\/2025\/11\/gvd-group-mpcc-full-form-means-spanish.webp\" alt=\"MPCC Forma completa: Centro de control de energ\u00eda principal \u2013 Significado, Caracter\u00edsticas y Soluciones GVD\">\n\t\t\t\t\t\t  \t<\/a>\n\t\t\t\t\t  \t<\/div>\t\t  \t\n\t\t\t\t\t  \t\n\t\t\t\t\t  \t\n\t\t\t\t  \t<\/div>\n\n\t\t\t\t  \t<div class=\"content\">\n\t\t\t\t\t\t\t\n\t\t\t\t\t  \t<ul class=\"post-meta\">\n\t\t\t\t\t\t\t\n\t\t\t\t\t\t\t\t\n\t\t\t\t\t\t\t\t\n\t\t\t\t\t\t\t\t\n\t\t\t\t\t\t\t  \t\t\n\t\t\t\t\t\t\t  \t\n\t\t\t\t\t  \t<\/ul>\n\t\t\t\t\t  \n\t\t\t\t\t\t  \t\t\t\t\t\t\t  <h2 class=\"post-title\">\n\t\t\t\t\t\t\t\t  <a href=\"https:\/\/gvd.com.tr\/es\/mpcc-forma-completa-centro-de-control-de-energia-principal\/\" rel=\"bookmark\" title=\"MPCC Forma completa: Centro de control de energ\u00eda principal \u2013 Significado, Caracter\u00edsticas y Soluciones GVD\">\n\t\t\t\t\t\t\t\t\tMPCC Forma completa: Centro de control de energ\u00eda principal \u2013 Significado, Caracter\u00edsticas y Soluciones GVD\t\t\t\t\t\t\t\t  <\/a>\n\t\t\t\t\t\t\t  <\/h2>\n\t\t\t\t\t\t  \n\t\t\t\t\t\t   \n\t\t\t\t\t\t\t  \t<div class=\"short_desc\">\n\t\t\t\t\t\t\t\t  \t<p>Conozca la forma completa de MPCC, su significado, funciones, caracter\u00edsticas t\u00e9cnicas y las soluciones MPCC&hellip;<\/p>\n\t\t\t\t\t\t\t  \t<\/div>\n\t\t\t\t\t\t  \n\t\t\t\t\t\t  \t\n\n\t\t\t\t\t\t   \t\t\t\t\t\t\t   \t\t<a class=\"icon\" href=\"https:\/\/gvd.com.tr\/es\/mpcc-forma-completa-centro-de-control-de-energia-principal\/\">\n\t\t\t\t\t\t   \t\t\t<i aria-hidden=\"true\" class=\"flaticon flaticon-right-arrow\"><\/i>\t\t\t\t\t\t   \t\t<\/a>\n\t\t\t\t\t\t   \t\t\n\t\t\t\t\t\t   \t \t\t\t\t\t  <\/div>\n\t\t\t\t\t  \n\t\t\t\t  <\/li>\t\n\t\t\t\t\t  \n\t\t\t  \t\t\t\t  <li class=\"item\">\n\n\t\t\t\t  \t<div class=\"media\">\n\n\t\t\t\t\t  \t\n\t\t\t\t\t  \t<div class=\"box-img\">\n\t\t\t\t\t  \t\t<a href=\"https:\/\/gvd.com.tr\/es\/que-es-un-mpcc-centro-principal-de-control-de-energia\/\" rel=\"bookmark\" title=\"\u00bfQu\u00e9 es un MPCC (Centro principal de control de energ\u00eda)? Caracter\u00edsticas, Aplicaciones y Soluciones GVD\">\n\t\t\t\t\t\t\t  \t<img decoding=\"async\" src=\"https:\/\/gvd.com.tr\/wp-content\/uploads\/2025\/11\/gvdgorup-blog-spanish-mpcc.webp\" alt=\"\u00bfQu\u00e9 es un MPCC (Centro principal de control de energ\u00eda)? Caracter\u00edsticas, Aplicaciones y Soluciones GVD\">\n\t\t\t\t\t\t  \t<\/a>\n\t\t\t\t\t  \t<\/div>\t\t  \t\n\t\t\t\t\t  \t\n\t\t\t\t\t  \t\n\t\t\t\t  \t<\/div>\n\n\t\t\t\t  \t<div class=\"content\">\n\t\t\t\t\t\t\t\n\t\t\t\t\t  \t<ul class=\"post-meta\">\n\t\t\t\t\t\t\t\n\t\t\t\t\t\t\t\t\n\t\t\t\t\t\t\t\t\n\t\t\t\t\t\t\t\t\n\t\t\t\t\t\t\t  \t\t\n\t\t\t\t\t\t\t  \t\n\t\t\t\t\t  \t<\/ul>\n\t\t\t\t\t  \n\t\t\t\t\t\t  \t\t\t\t\t\t\t  <h2 class=\"post-title\">\n\t\t\t\t\t\t\t\t  <a href=\"https:\/\/gvd.com.tr\/es\/que-es-un-mpcc-centro-principal-de-control-de-energia\/\" rel=\"bookmark\" title=\"\u00bfQu\u00e9 es un MPCC (Centro principal de control de energ\u00eda)? Caracter\u00edsticas, Aplicaciones y Soluciones GVD\">\n\t\t\t\t\t\t\t\t\t\u00bfQu\u00e9 es un MPCC (Centro principal de control de energ\u00eda)? Caracter\u00edsticas, Aplicaciones y Soluciones GVD\t\t\t\t\t\t\t\t  <\/a>\n\t\t\t\t\t\t\t  <\/h2>\n\t\t\t\t\t\t  \n\t\t\t\t\t\t   \n\t\t\t\t\t\t\t  \t<div class=\"short_desc\">\n\t\t\t\t\t\t\t\t  \t<p>MPCC: el centro principal de distribuci\u00f3n el\u00e9ctrica en instalaciones industriales. Descubra sus caracter\u00edsticas, ventajas y&hellip;<\/p>\n\t\t\t\t\t\t\t  \t<\/div>\n\t\t\t\t\t\t  \n\t\t\t\t\t\t  \t\n\n\t\t\t\t\t\t   \t\t\t\t\t\t\t   \t\t<a class=\"icon\" href=\"https:\/\/gvd.com.tr\/es\/que-es-un-mpcc-centro-principal-de-control-de-energia\/\">\n\t\t\t\t\t\t   \t\t\t<i aria-hidden=\"true\" class=\"flaticon flaticon-right-arrow\"><\/i>\t\t\t\t\t\t   \t\t<\/a>\n\t\t\t\t\t\t   \t\t\n\t\t\t\t\t\t   \t \t\t\t\t\t  <\/div>\n\t\t\t\t\t  \n\t\t\t\t  <\/li>\t\n\t\t\t\t\t  \n\t\t\t  \t\t\t<\/ul>\n\n\t\t\t\t\t\t<\/div>\n\t\t\t\t<\/div>\n\t\t\t\t\t<\/div>\n\t\t\t\t<\/div>\n\t\t<div class=\"elementor-element elementor-element-50df31c e-flex e-con-boxed e-con e-parent\" data-id=\"50df31c\" data-element_type=\"container\" data-e-type=\"container\">\n\t\t\t\t\t<div class=\"e-con-inner\">\n\t\t\t\t\t<\/div>\n\t\t\t\t<\/div>\n\t\t\t\t<section class=\"elementor-section elementor-top-section elementor-element elementor-element-59b8c475 elementor-section-boxed elementor-section-height-default elementor-section-height-default\" data-id=\"59b8c475\" data-element_type=\"section\" data-e-type=\"section\" data-settings=\"{&quot;background_background&quot;:&quot;classic&quot;}\">\n\t\t\t\t\t\t<div class=\"elementor-container elementor-column-gap-no\">\n\t\t\t\t\t<div class=\"elementor-column elementor-col-50 elementor-top-column elementor-element elementor-element-25b7a25c\" data-id=\"25b7a25c\" data-element_type=\"column\" data-e-type=\"column\">\n\t\t\t<div class=\"elementor-widget-wrap elementor-element-populated\">\n\t\t\t\t\t\t<div class=\"elementor-element elementor-element-22a8c2ec elementor-widget elementor-widget-heading\" data-id=\"22a8c2ec\" data-element_type=\"widget\" data-e-type=\"widget\" data-widget_type=\"heading.default\">\n\t\t\t\t<div class=\"elementor-widget-container\">\n\t\t\t\t\t<h2 class=\"elementor-heading-title elementor-size-default\">P\u00f3ngase en contacto con nosotros para obtener informaci\u00f3n detallada sobre nuestros productos y nuestro trabajo.<\/h2>\t\t\t\t<\/div>\n\t\t\t\t<\/div>\n\t\t\t\t\t<\/div>\n\t\t<\/div>\n\t\t\t\t<div class=\"elementor-column elementor-col-50 elementor-top-column elementor-element elementor-element-4f2a3827\" data-id=\"4f2a3827\" data-element_type=\"column\" data-e-type=\"column\">\n\t\t\t<div class=\"elementor-widget-wrap elementor-element-populated\">\n\t\t\t\t\t\t<div class=\"elementor-element elementor-element-37f583f4 elementor-align-center elementor-widget__width-auto elementor-widget elementor-widget-button\" data-id=\"37f583f4\" data-element_type=\"widget\" data-e-type=\"widget\" data-widget_type=\"button.default\">\n\t\t\t\t<div class=\"elementor-widget-container\">\n\t\t\t\t\t\t\t\t\t<div class=\"elementor-button-wrapper\">\n\t\t\t\t\t<a class=\"elementor-button elementor-button-link elementor-size-sm\" href=\"https:\/\/gvd.com.tr\/es\/contacto\/\">\n\t\t\t\t\t\t<span class=\"elementor-button-content-wrapper\">\n\t\t\t\t\t\t\t\t\t<span class=\"elementor-button-text\">Contacta con nosotros<\/span>\n\t\t\t\t\t<\/span>\n\t\t\t\t\t<\/a>\n\t\t\t\t<\/div>\n\t\t\t\t\t\t\t\t<\/div>\n\t\t\t\t<\/div>\n\t\t\t\t\t<\/div>\n\t\t<\/div>\n\t\t\t\t\t<\/div>\n\t\t<\/section>\n\t\t\t\t<\/div>\n\t\t","protected":false},"excerpt":{"rendered":"<p>Nuestras publicaciones del blog P\u00f3ngase en contacto con nosotros para obtener informaci\u00f3n detallada sobre nuestros productos y nuestro trabajo. Contacta con nosotros<\/p>\n","protected":false},"author":1,"featured_media":0,"parent":0,"menu_order":0,"comment_status":"closed","ping_status":"closed","template":"elementor_header_footer","meta":{"footnotes":""},"class_list":["post-13153","page","type-page","status-publish","hentry"],"_links":{"self":[{"href":"https:\/\/gvd.com.tr\/es\/wp-json\/wp\/v2\/pages\/13153","targetHints":{"allow":["GET"]}}],"collection":[{"href":"https:\/\/gvd.com.tr\/es\/wp-json\/wp\/v2\/pages"}],"about":[{"href":"https:\/\/gvd.com.tr\/es\/wp-json\/wp\/v2\/types\/page"}],"author":[{"embeddable":true,"href":"https:\/\/gvd.com.tr\/es\/wp-json\/wp\/v2\/users\/1"}],"replies":[{"embeddable":true,"href":"https:\/\/gvd.com.tr\/es\/wp-json\/wp\/v2\/comments?post=13153"}],"version-history":[{"count":4,"href":"https:\/\/gvd.com.tr\/es\/wp-json\/wp\/v2\/pages\/13153\/revisions"}],"predecessor-version":[{"id":13159,"href":"https:\/\/gvd.com.tr\/es\/wp-json\/wp\/v2\/pages\/13153\/revisions\/13159"}],"wp:attachment":[{"href":"https:\/\/gvd.com.tr\/es\/wp-json\/wp\/v2\/media?parent=13153"}],"curies":[{"name":"wp","href":"https:\/\/api.w.org\/{rel}","templated":true}]}}