{"id":11469,"date":"2025-05-07T16:42:57","date_gmt":"2025-05-07T13:42:57","guid":{"rendered":"https:\/\/gvd.com.tr\/newsletters\/"},"modified":"2025-10-05T11:41:48","modified_gmt":"2025-10-05T08:41:48","slug":"newsletters","status":"publish","type":"page","link":"https:\/\/gvd.com.tr\/fr\/newsletters\/","title":{"rendered":"Newsletters"},"content":{"rendered":"\t\t<div data-elementor-type=\"wp-page\" data-elementor-id=\"11469\" class=\"elementor elementor-11469 elementor-9821\" data-elementor-post-type=\"page\">\n\t\t\t\t<div class=\"elementor-element elementor-element-3883f39 e-flex e-con-boxed e-con e-parent\" data-id=\"3883f39\" data-element_type=\"container\" data-e-type=\"container\" data-settings=\"{&quot;background_background&quot;:&quot;classic&quot;}\">\n\t\t\t\t\t<div class=\"e-con-inner\">\n\t\t\t\t<div class=\"elementor-element elementor-element-c79a00c elementor-widget elementor-widget-heading\" data-id=\"c79a00c\" data-element_type=\"widget\" data-e-type=\"widget\" data-widget_type=\"heading.default\">\n\t\t\t\t<div class=\"elementor-widget-container\">\n\t\t\t\t\t<h2 class=\"elementor-heading-title elementor-size-default\">Nos newsletters<\/h2>\t\t\t\t<\/div>\n\t\t\t\t<\/div>\n\t\t\t\t\t<\/div>\n\t\t\t\t<\/div>\n\t\t<div class=\"elementor-element elementor-element-8d0e66e e-flex e-con-boxed e-con e-parent\" data-id=\"8d0e66e\" data-element_type=\"container\" data-e-type=\"container\" data-settings=\"{&quot;background_background&quot;:&quot;classic&quot;}\">\n\t\t\t\t\t<div class=\"e-con-inner\">\n\t\t\t\t<div class=\"elementor-element elementor-element-3ace1d6 elementor-widget elementor-widget-auntri_elementor_blog\" data-id=\"3ace1d6\" data-element_type=\"widget\" data-e-type=\"widget\" data-widget_type=\"auntri_elementor_blog.default\">\n\t\t\t\t<div class=\"elementor-widget-container\">\n\t\t\t\t\t\n\t\t\t<ul class=\"ova-blog ova-column_3 version_4 \">\n\t\t\t  \t\t\t\t\t  <li class=\"item\">\n\n\t\t\t\t  \t<div class=\"media\">\n\n\t\t\t\t\t  \t\n\t\t\t\t\t  \t<div class=\"box-img\">\n\t\t\t\t\t  \t\t<a href=\"https:\/\/gvd.com.tr\/fr\/bulletin-du-25-decembre\/\" rel=\"bookmark\" title=\"Bulletin du 25 decembre\">\n\t\t\t\t\t\t\t  \t<img decoding=\"async\" src=\"https:\/\/gvd.com.tr\/wp-content\/uploads\/2025\/12\/gvd-group-decmbre-25-bulletin.webp\" alt=\"Bulletin du 25 decembre\">\n\t\t\t\t\t\t  \t<\/a>\n\t\t\t\t\t  \t<\/div>\t\t  \t\n\t\t\t\t\t  \t\n\t\t\t\t\t  \t\n\t\t\t\t  \t<\/div>\n\n\t\t\t\t  \t<div class=\"content\">\n\t\t\t\t\t\t\t\n\t\t\t\t\t  \t<ul class=\"post-meta\">\n\t\t\t\t\t\t\t\n\t\t\t\t\t\t\t\t\n\t\t\t\t\t\t\t\t\n\t\t\t\t\t\t\t\t\n\t\t\t\t\t\t\t  \t\t\n\t\t\t\t\t\t\t  \t\n\t\t\t\t\t  \t<\/ul>\n\t\t\t\t\t  \n\t\t\t\t\t\t  \t\t\t\t\t\t\t  <h2 class=\"post-title\">\n\t\t\t\t\t\t\t\t  <a href=\"https:\/\/gvd.com.tr\/fr\/bulletin-du-25-decembre\/\" rel=\"bookmark\" title=\"Bulletin du 25 decembre\">\n\t\t\t\t\t\t\t\t\tBulletin du 25 decembre\t\t\t\t\t\t\t\t  <\/a>\n\t\t\t\t\t\t\t  <\/h2>\n\t\t\t\t\t\t  \n\t\t\t\t\t\t   \n\t\t\t\t\t\t\t  \t<div class=\"short_desc\">\n\t\t\t\t\t\t\t\t  \t<p>Lorsque vous voyez des d\u00e9signations comme IP65 ou IP54 dans une sp\u00e9cification technique, vous regardez\u2026<\/p>\n\t\t\t\t\t\t\t  \t<\/div>\n\t\t\t\t\t\t  \n\t\t\t\t\t\t  \t\n\n\t\t\t\t\t\t   \t\t\t\t\t\t\t   \t\t<a class=\"icon\" href=\"https:\/\/gvd.com.tr\/fr\/bulletin-du-25-decembre\/\">\n\t\t\t\t\t\t   \t\t\t<i aria-hidden=\"true\" class=\"flaticon flaticon-right-arrow\"><\/i>\t\t\t\t\t\t   \t\t<\/a>\n\t\t\t\t\t\t   \t\t\n\t\t\t\t\t\t   \t \t\t\t\t\t  <\/div>\n\t\t\t\t\t  \n\t\t\t\t  <\/li>\t\n\t\t\t\t\t  \n\t\t\t  \t\t\t\t  <li class=\"item\">\n\n\t\t\t\t  \t<div class=\"media\">\n\n\t\t\t\t\t  \t\n\t\t\t\t\t  \t<div class=\"box-img\">\n\t\t\t\t\t  \t\t<a href=\"https:\/\/gvd.com.tr\/fr\/bulletin-du-25-novembre\/\" rel=\"bookmark\" title=\"Bulletin du 25 novembre\">\n\t\t\t\t\t\t\t  \t<img decoding=\"async\" src=\"https:\/\/gvd.com.tr\/wp-content\/uploads\/2025\/11\/gvd-group-newsletter-novembre.webp\" alt=\"Bulletin du 25 novembre\">\n\t\t\t\t\t\t  \t<\/a>\n\t\t\t\t\t  \t<\/div>\t\t  \t\n\t\t\t\t\t  \t\n\t\t\t\t\t  \t\n\t\t\t\t  \t<\/div>\n\n\t\t\t\t  \t<div class=\"content\">\n\t\t\t\t\t\t\t\n\t\t\t\t\t  \t<ul class=\"post-meta\">\n\t\t\t\t\t\t\t\n\t\t\t\t\t\t\t\t\n\t\t\t\t\t\t\t\t\n\t\t\t\t\t\t\t\t\n\t\t\t\t\t\t\t  \t\t\n\t\t\t\t\t\t\t  \t\n\t\t\t\t\t  \t<\/ul>\n\t\t\t\t\t  \n\t\t\t\t\t\t  \t\t\t\t\t\t\t  <h2 class=\"post-title\">\n\t\t\t\t\t\t\t\t  <a href=\"https:\/\/gvd.com.tr\/fr\/bulletin-du-25-novembre\/\" rel=\"bookmark\" title=\"Bulletin du 25 novembre\">\n\t\t\t\t\t\t\t\t\tBulletin du 25 novembre\t\t\t\t\t\t\t\t  <\/a>\n\t\t\t\t\t\t\t  <\/h2>\n\t\t\t\t\t\t  \n\t\t\t\t\t\t   \n\t\t\t\t\t\t\t  \t<div class=\"short_desc\">\n\t\t\t\t\t\t\t\t  \t<p>Chaque tableau basse tension est con\u00e7u comme un b\u00e2timent de haute pr\u00e9cision. Ses divisions internes,\u2026<\/p>\n\t\t\t\t\t\t\t  \t<\/div>\n\t\t\t\t\t\t  \n\t\t\t\t\t\t  \t\n\n\t\t\t\t\t\t   \t\t\t\t\t\t\t   \t\t<a class=\"icon\" href=\"https:\/\/gvd.com.tr\/fr\/bulletin-du-25-novembre\/\">\n\t\t\t\t\t\t   \t\t\t<i aria-hidden=\"true\" class=\"flaticon flaticon-right-arrow\"><\/i>\t\t\t\t\t\t   \t\t<\/a>\n\t\t\t\t\t\t   \t\t\n\t\t\t\t\t\t   \t \t\t\t\t\t  <\/div>\n\t\t\t\t\t  \n\t\t\t\t  <\/li>\t\n\t\t\t\t\t  \n\t\t\t  \t\t\t\t  <li class=\"item\">\n\n\t\t\t\t  \t<div class=\"media\">\n\n\t\t\t\t\t  \t\n\t\t\t\t\t  \t<div class=\"box-img\">\n\t\t\t\t\t  \t\t<a href=\"https:\/\/gvd.com.tr\/fr\/newsletterd-octobre-2025\/\" rel=\"bookmark\" title=\"Newsletter d&rsquo;octobre 25\">\n\t\t\t\t\t\t\t  \t<img decoding=\"async\" src=\"https:\/\/gvd.com.tr\/wp-content\/uploads\/2025\/10\/gvd-group-doctobre-2025-newsletter-1.webp\" alt=\"Newsletter d&rsquo;octobre 25\">\n\t\t\t\t\t\t  \t<\/a>\n\t\t\t\t\t  \t<\/div>\t\t  \t\n\t\t\t\t\t  \t\n\t\t\t\t\t  \t\n\t\t\t\t  \t<\/div>\n\n\t\t\t\t  \t<div class=\"content\">\n\t\t\t\t\t\t\t\n\t\t\t\t\t  \t<ul class=\"post-meta\">\n\t\t\t\t\t\t\t\n\t\t\t\t\t\t\t\t\n\t\t\t\t\t\t\t\t\n\t\t\t\t\t\t\t\t\n\t\t\t\t\t\t\t  \t\t\n\t\t\t\t\t\t\t  \t\n\t\t\t\t\t  \t<\/ul>\n\t\t\t\t\t  \n\t\t\t\t\t\t  \t\t\t\t\t\t\t  <h2 class=\"post-title\">\n\t\t\t\t\t\t\t\t  <a href=\"https:\/\/gvd.com.tr\/fr\/newsletterd-octobre-2025\/\" rel=\"bookmark\" title=\"Newsletter d&rsquo;octobre 25\">\n\t\t\t\t\t\t\t\t\tNewsletter d&rsquo;octobre 25\t\t\t\t\t\t\t\t  <\/a>\n\t\t\t\t\t\t\t  <\/h2>\n\t\t\t\t\t\t  \n\t\t\t\t\t\t   \n\t\t\t\t\t\t\t  \t<div class=\"short_desc\">\n\t\t\t\t\t\t\t\t  \t<p>La technologie MCC enti\u00e8rement d\u00e9brochable est la derni\u00e8re innovation de la gamme d'appareillages basse tension\u2026<\/p>\n\t\t\t\t\t\t\t  \t<\/div>\n\t\t\t\t\t\t  \n\t\t\t\t\t\t  \t\n\n\t\t\t\t\t\t   \t\t\t\t\t\t\t   \t\t<a class=\"icon\" href=\"https:\/\/gvd.com.tr\/fr\/newsletterd-octobre-2025\/\">\n\t\t\t\t\t\t   \t\t\t<i aria-hidden=\"true\" class=\"flaticon flaticon-right-arrow\"><\/i>\t\t\t\t\t\t   \t\t<\/a>\n\t\t\t\t\t\t   \t\t\n\t\t\t\t\t\t   \t \t\t\t\t\t  <\/div>\n\t\t\t\t\t  \n\t\t\t\t  <\/li>\t\n\t\t\t\t\t  \n\t\t\t  \t\t\t\t  <li class=\"item\">\n\n\t\t\t\t  \t<div class=\"media\">\n\n\t\t\t\t\t  \t\n\t\t\t\t\t  \t<div class=\"box-img\">\n\t\t\t\t\t  \t\t<a href=\"https:\/\/gvd.com.tr\/fr\/bulletin-du-25-avril\/\" rel=\"bookmark\" title=\"Bulletin du 25 avril\">\n\t\t\t\t\t\t\t  \t<img decoding=\"async\" src=\"https:\/\/gvd.com.tr\/wp-content\/uploads\/2025\/09\/gvd-group-avril-2025-newsletter.webp\" alt=\"Bulletin du 25 avril\">\n\t\t\t\t\t\t  \t<\/a>\n\t\t\t\t\t  \t<\/div>\t\t  \t\n\t\t\t\t\t  \t\n\t\t\t\t\t  \t\n\t\t\t\t  \t<\/div>\n\n\t\t\t\t  \t<div class=\"content\">\n\t\t\t\t\t\t\t\n\t\t\t\t\t  \t<ul class=\"post-meta\">\n\t\t\t\t\t\t\t\n\t\t\t\t\t\t\t\t\n\t\t\t\t\t\t\t\t\n\t\t\t\t\t\t\t\t\n\t\t\t\t\t\t\t  \t\t\n\t\t\t\t\t\t\t  \t\n\t\t\t\t\t  \t<\/ul>\n\t\t\t\t\t  \n\t\t\t\t\t\t  \t\t\t\t\t\t\t  <h2 class=\"post-title\">\n\t\t\t\t\t\t\t\t  <a href=\"https:\/\/gvd.com.tr\/fr\/bulletin-du-25-avril\/\" rel=\"bookmark\" title=\"Bulletin du 25 avril\">\n\t\t\t\t\t\t\t\t\tBulletin du 25 avril\t\t\t\t\t\t\t\t  <\/a>\n\t\t\t\t\t\t\t  <\/h2>\n\t\t\t\t\t\t  \n\t\t\t\t\t\t   \n\t\t\t\t\t\t\t  \t<div class=\"short_desc\">\n\t\t\t\t\t\t\t\t  \t<p>En tant que GVD, avec notre vaste exp\u00e9rience dans le secteur, notre portefeuille de produits\u2026<\/p>\n\t\t\t\t\t\t\t  \t<\/div>\n\t\t\t\t\t\t  \n\t\t\t\t\t\t  \t\n\n\t\t\t\t\t\t   \t\t\t\t\t\t\t   \t\t<a class=\"icon\" href=\"https:\/\/gvd.com.tr\/fr\/bulletin-du-25-avril\/\">\n\t\t\t\t\t\t   \t\t\t<i aria-hidden=\"true\" class=\"flaticon flaticon-right-arrow\"><\/i>\t\t\t\t\t\t   \t\t<\/a>\n\t\t\t\t\t\t   \t\t\n\t\t\t\t\t\t   \t \t\t\t\t\t  <\/div>\n\t\t\t\t\t  \n\t\t\t\t  <\/li>\t\n\t\t\t\t\t  \n\t\t\t  \t\t\t\t  <li class=\"item\">\n\n\t\t\t\t  \t<div class=\"media\">\n\n\t\t\t\t\t  \t\n\t\t\t\t\t  \t<div class=\"box-img\">\n\t\t\t\t\t  \t\t<a href=\"https:\/\/gvd.com.tr\/fr\/bulletin-du-25-juillet\/\" rel=\"bookmark\" title=\"Bulletin du 25 juillet\">\n\t\t\t\t\t\t\t  \t<img decoding=\"async\" src=\"https:\/\/gvd.com.tr\/wp-content\/uploads\/2025\/09\/gvd-group-juillet-2025-newsletter.jpg\" alt=\"Bulletin du 25 juillet\">\n\t\t\t\t\t\t  \t<\/a>\n\t\t\t\t\t  \t<\/div>\t\t  \t\n\t\t\t\t\t  \t\n\t\t\t\t\t  \t\n\t\t\t\t  \t<\/div>\n\n\t\t\t\t  \t<div class=\"content\">\n\t\t\t\t\t\t\t\n\t\t\t\t\t  \t<ul class=\"post-meta\">\n\t\t\t\t\t\t\t\n\t\t\t\t\t\t\t\t\n\t\t\t\t\t\t\t\t\n\t\t\t\t\t\t\t\t\n\t\t\t\t\t\t\t  \t\t\n\t\t\t\t\t\t\t  \t\n\t\t\t\t\t  \t<\/ul>\n\t\t\t\t\t  \n\t\t\t\t\t\t  \t\t\t\t\t\t\t  <h2 class=\"post-title\">\n\t\t\t\t\t\t\t\t  <a href=\"https:\/\/gvd.com.tr\/fr\/bulletin-du-25-juillet\/\" rel=\"bookmark\" title=\"Bulletin du 25 juillet\">\n\t\t\t\t\t\t\t\t\tBulletin du 25 juillet\t\t\t\t\t\t\t\t  <\/a>\n\t\t\t\t\t\t\t  <\/h2>\n\t\t\t\t\t\t  \n\t\t\t\t\t\t   \n\t\t\t\t\t\t\t  \t<div class=\"short_desc\">\n\t\t\t\t\t\t\t\t  \t<p>En tant que GVD, avec notre vaste exp\u00e9rience dans le secteur, notre portefeuille de produits\u2026<\/p>\n\t\t\t\t\t\t\t  \t<\/div>\n\t\t\t\t\t\t  \n\t\t\t\t\t\t  \t\n\n\t\t\t\t\t\t   \t\t\t\t\t\t\t   \t\t<a class=\"icon\" href=\"https:\/\/gvd.com.tr\/fr\/bulletin-du-25-juillet\/\">\n\t\t\t\t\t\t   \t\t\t<i aria-hidden=\"true\" class=\"flaticon flaticon-right-arrow\"><\/i>\t\t\t\t\t\t   \t\t<\/a>\n\t\t\t\t\t\t   \t\t\n\t\t\t\t\t\t   \t \t\t\t\t\t  <\/div>\n\t\t\t\t\t  \n\t\t\t\t  <\/li>\t\n\t\t\t\t\t  \n\t\t\t  \t\t\t\t  <li class=\"item\">\n\n\t\t\t\t  \t<div class=\"media\">\n\n\t\t\t\t\t  \t\n\t\t\t\t\t  \t<div class=\"box-img\">\n\t\t\t\t\t  \t\t<a href=\"https:\/\/gvd.com.tr\/fr\/bulletin-du-25-juin\/\" rel=\"bookmark\" title=\"Bulletin du 25 juin\">\n\t\t\t\t\t\t\t  \t<img decoding=\"async\" src=\"https:\/\/gvd.com.tr\/wp-content\/uploads\/2025\/09\/gvd-group-juin-2025-newsletter.webp\" alt=\"Bulletin du 25 juin\">\n\t\t\t\t\t\t  \t<\/a>\n\t\t\t\t\t  \t<\/div>\t\t  \t\n\t\t\t\t\t  \t\n\t\t\t\t\t  \t\n\t\t\t\t  \t<\/div>\n\n\t\t\t\t  \t<div class=\"content\">\n\t\t\t\t\t\t\t\n\t\t\t\t\t  \t<ul class=\"post-meta\">\n\t\t\t\t\t\t\t\n\t\t\t\t\t\t\t\t\n\t\t\t\t\t\t\t\t\n\t\t\t\t\t\t\t\t\n\t\t\t\t\t\t\t  \t\t\n\t\t\t\t\t\t\t  \t\n\t\t\t\t\t  \t<\/ul>\n\t\t\t\t\t  \n\t\t\t\t\t\t  \t\t\t\t\t\t\t  <h2 class=\"post-title\">\n\t\t\t\t\t\t\t\t  <a href=\"https:\/\/gvd.com.tr\/fr\/bulletin-du-25-juin\/\" rel=\"bookmark\" title=\"Bulletin du 25 juin\">\n\t\t\t\t\t\t\t\t\tBulletin du 25 juin\t\t\t\t\t\t\t\t  <\/a>\n\t\t\t\t\t\t\t  <\/h2>\n\t\t\t\t\t\t  \n\t\t\t\t\t\t   \n\t\t\t\t\t\t\t  \t<div class=\"short_desc\">\n\t\t\t\t\t\t\t\t  \t<p>En tant que GVD, avec notre vaste exp\u00e9rience dans le secteur, notre portefeuille de produits\u2026<\/p>\n\t\t\t\t\t\t\t  \t<\/div>\n\t\t\t\t\t\t  \n\t\t\t\t\t\t  \t\n\n\t\t\t\t\t\t   \t\t\t\t\t\t\t   \t\t<a class=\"icon\" href=\"https:\/\/gvd.com.tr\/fr\/bulletin-du-25-juin\/\">\n\t\t\t\t\t\t   \t\t\t<i aria-hidden=\"true\" class=\"flaticon flaticon-right-arrow\"><\/i>\t\t\t\t\t\t   \t\t<\/a>\n\t\t\t\t\t\t   \t\t\n\t\t\t\t\t\t   \t \t\t\t\t\t  <\/div>\n\t\t\t\t\t  \n\t\t\t\t  <\/li>\t\n\t\t\t\t\t  \n\t\t\t  \t\t\t\t  <li class=\"item\">\n\n\t\t\t\t  \t<div class=\"media\">\n\n\t\t\t\t\t  \t\n\t\t\t\t\t  \t<div class=\"box-img\">\n\t\t\t\t\t  \t\t<a href=\"https:\/\/gvd.com.tr\/fr\/bulletin-du-24-novembre\/\" rel=\"bookmark\" title=\"Bulletin du 24 novembre\">\n\t\t\t\t\t\t\t  \t<img decoding=\"async\" src=\"https:\/\/gvd.com.tr\/wp-content\/uploads\/2025\/05\/gvd-group-novembre-2024-newsletter.webp\" alt=\"Bulletin du 24 novembre\">\n\t\t\t\t\t\t  \t<\/a>\n\t\t\t\t\t  \t<\/div>\t\t  \t\n\t\t\t\t\t  \t\n\t\t\t\t\t  \t\n\t\t\t\t  \t<\/div>\n\n\t\t\t\t  \t<div class=\"content\">\n\t\t\t\t\t\t\t\n\t\t\t\t\t  \t<ul class=\"post-meta\">\n\t\t\t\t\t\t\t\n\t\t\t\t\t\t\t\t\n\t\t\t\t\t\t\t\t\n\t\t\t\t\t\t\t\t\n\t\t\t\t\t\t\t  \t\t\n\t\t\t\t\t\t\t  \t\n\t\t\t\t\t  \t<\/ul>\n\t\t\t\t\t  \n\t\t\t\t\t\t  \t\t\t\t\t\t\t  <h2 class=\"post-title\">\n\t\t\t\t\t\t\t\t  <a href=\"https:\/\/gvd.com.tr\/fr\/bulletin-du-24-novembre\/\" rel=\"bookmark\" title=\"Bulletin du 24 novembre\">\n\t\t\t\t\t\t\t\t\tBulletin du 24 novembre\t\t\t\t\t\t\t\t  <\/a>\n\t\t\t\t\t\t\t  <\/h2>\n\t\t\t\t\t\t  \n\t\t\t\t\t\t   \n\t\t\t\t\t\t\t  \t<div class=\"short_desc\">\n\t\t\t\t\t\t\t\t  \t<p>La durabilit\u00e9 de nos produits a \u00e9t\u00e9 test\u00e9e et garantie par les plus grands organismes\u2026<\/p>\n\t\t\t\t\t\t\t  \t<\/div>\n\t\t\t\t\t\t  \n\t\t\t\t\t\t  \t\n\n\t\t\t\t\t\t   \t\t\t\t\t\t\t   \t\t<a class=\"icon\" href=\"https:\/\/gvd.com.tr\/fr\/bulletin-du-24-novembre\/\">\n\t\t\t\t\t\t   \t\t\t<i aria-hidden=\"true\" class=\"flaticon flaticon-right-arrow\"><\/i>\t\t\t\t\t\t   \t\t<\/a>\n\t\t\t\t\t\t   \t\t\n\t\t\t\t\t\t   \t \t\t\t\t\t  <\/div>\n\t\t\t\t\t  \n\t\t\t\t  <\/li>\t\n\t\t\t\t\t  \n\t\t\t  \t\t\t\t  <li class=\"item\">\n\n\t\t\t\t  \t<div class=\"media\">\n\n\t\t\t\t\t  \t\n\t\t\t\t\t  \t<div class=\"box-img\">\n\t\t\t\t\t  \t\t<a href=\"https:\/\/gvd.com.tr\/fr\/bulletin-du-24-decembre\/\" rel=\"bookmark\" title=\"Bulletin du 24 d\u00e9cembre\">\n\t\t\t\t\t\t\t  \t<img decoding=\"async\" src=\"https:\/\/gvd.com.tr\/wp-content\/uploads\/2025\/05\/gvd-group-decembre-2024-newsletter.webp\" alt=\"Bulletin du 24 d\u00e9cembre\">\n\t\t\t\t\t\t  \t<\/a>\n\t\t\t\t\t  \t<\/div>\t\t  \t\n\t\t\t\t\t  \t\n\t\t\t\t\t  \t\n\t\t\t\t  \t<\/div>\n\n\t\t\t\t  \t<div class=\"content\">\n\t\t\t\t\t\t\t\n\t\t\t\t\t  \t<ul class=\"post-meta\">\n\t\t\t\t\t\t\t\n\t\t\t\t\t\t\t\t\n\t\t\t\t\t\t\t\t\n\t\t\t\t\t\t\t\t\n\t\t\t\t\t\t\t  \t\t\n\t\t\t\t\t\t\t  \t\n\t\t\t\t\t  \t<\/ul>\n\t\t\t\t\t  \n\t\t\t\t\t\t  \t\t\t\t\t\t\t  <h2 class=\"post-title\">\n\t\t\t\t\t\t\t\t  <a href=\"https:\/\/gvd.com.tr\/fr\/bulletin-du-24-decembre\/\" rel=\"bookmark\" title=\"Bulletin du 24 d\u00e9cembre\">\n\t\t\t\t\t\t\t\t\tBulletin du 24 d\u00e9cembre\t\t\t\t\t\t\t\t  <\/a>\n\t\t\t\t\t\t\t  <\/h2>\n\t\t\t\t\t\t  \n\t\t\t\t\t\t   \n\t\t\t\t\t\t\t  \t<div class=\"short_desc\">\n\t\t\t\t\t\t\t\t  \t<p>Une nouvelle ann\u00e9e, un nouveau d\u00e9part pour atteindre ensemble de plus grands objectifs\u00a0! L'ann\u00e9e derni\u00e8re,\u2026<\/p>\n\t\t\t\t\t\t\t  \t<\/div>\n\t\t\t\t\t\t  \n\t\t\t\t\t\t  \t\n\n\t\t\t\t\t\t   \t\t\t\t\t\t\t   \t\t<a class=\"icon\" href=\"https:\/\/gvd.com.tr\/fr\/bulletin-du-24-decembre\/\">\n\t\t\t\t\t\t   \t\t\t<i aria-hidden=\"true\" class=\"flaticon flaticon-right-arrow\"><\/i>\t\t\t\t\t\t   \t\t<\/a>\n\t\t\t\t\t\t   \t\t\n\t\t\t\t\t\t   \t \t\t\t\t\t  <\/div>\n\t\t\t\t\t  \n\t\t\t\t  <\/li>\t\n\t\t\t\t\t  \n\t\t\t  \t\t\t\t  <li class=\"item\">\n\n\t\t\t\t  \t<div class=\"media\">\n\n\t\t\t\t\t  \t\n\t\t\t\t\t  \t<div class=\"box-img\">\n\t\t\t\t\t  \t\t<a href=\"https:\/\/gvd.com.tr\/fr\/bulletin-du-24-octobre\/\" rel=\"bookmark\" title=\"Bulletin du 24 octobre\">\n\t\t\t\t\t\t\t  \t<img decoding=\"async\" src=\"https:\/\/gvd.com.tr\/wp-content\/uploads\/2025\/05\/gvd-group-doctober-2024-newsletter.webp\" alt=\"Bulletin du 24 octobre\">\n\t\t\t\t\t\t  \t<\/a>\n\t\t\t\t\t  \t<\/div>\t\t  \t\n\t\t\t\t\t  \t\n\t\t\t\t\t  \t\n\t\t\t\t  \t<\/div>\n\n\t\t\t\t  \t<div class=\"content\">\n\t\t\t\t\t\t\t\n\t\t\t\t\t  \t<ul class=\"post-meta\">\n\t\t\t\t\t\t\t\n\t\t\t\t\t\t\t\t\n\t\t\t\t\t\t\t\t\n\t\t\t\t\t\t\t\t\n\t\t\t\t\t\t\t  \t\t\n\t\t\t\t\t\t\t  \t\n\t\t\t\t\t  \t<\/ul>\n\t\t\t\t\t  \n\t\t\t\t\t\t  \t\t\t\t\t\t\t  <h2 class=\"post-title\">\n\t\t\t\t\t\t\t\t  <a href=\"https:\/\/gvd.com.tr\/fr\/bulletin-du-24-octobre\/\" rel=\"bookmark\" title=\"Bulletin du 24 octobre\">\n\t\t\t\t\t\t\t\t\tBulletin du 24 octobre\t\t\t\t\t\t\t\t  <\/a>\n\t\t\t\t\t\t\t  <\/h2>\n\t\t\t\t\t\t  \n\t\t\t\t\t\t   \n\t\t\t\t\t\t\t  \t<div class=\"short_desc\">\n\t\t\t\t\t\t\t\t  \t<p>Chez GVD, nous offrons une qualit\u00e9 \u00e9lev\u00e9e \u00e0 des prix inf\u00e9rieurs \u00e0 nos clients du\u2026<\/p>\n\t\t\t\t\t\t\t  \t<\/div>\n\t\t\t\t\t\t  \n\t\t\t\t\t\t  \t\n\n\t\t\t\t\t\t   \t\t\t\t\t\t\t   \t\t<a class=\"icon\" href=\"https:\/\/gvd.com.tr\/fr\/bulletin-du-24-octobre\/\">\n\t\t\t\t\t\t   \t\t\t<i aria-hidden=\"true\" class=\"flaticon flaticon-right-arrow\"><\/i>\t\t\t\t\t\t   \t\t<\/a>\n\t\t\t\t\t\t   \t\t\n\t\t\t\t\t\t   \t \t\t\t\t\t  <\/div>\n\t\t\t\t\t  \n\t\t\t\t  <\/li>\t\n\t\t\t\t\t  \n\t\t\t  \t\t\t\t  <li class=\"item\">\n\n\t\t\t\t  \t<div class=\"media\">\n\n\t\t\t\t\t  \t\n\t\t\t\t\t  \t<div class=\"box-img\">\n\t\t\t\t\t  \t\t<a href=\"https:\/\/gvd.com.tr\/fr\/bulletin-du-24-septembre\/\" rel=\"bookmark\" title=\"Bulletin du 24 septembre\">\n\t\t\t\t\t\t\t  \t<img decoding=\"async\" src=\"https:\/\/gvd.com.tr\/wp-content\/uploads\/2025\/05\/gvd-group-septembre-2024-newsletter.webp\" alt=\"Bulletin du 24 septembre\">\n\t\t\t\t\t\t  \t<\/a>\n\t\t\t\t\t  \t<\/div>\t\t  \t\n\t\t\t\t\t  \t\n\t\t\t\t\t  \t\n\t\t\t\t  \t<\/div>\n\n\t\t\t\t  \t<div class=\"content\">\n\t\t\t\t\t\t\t\n\t\t\t\t\t  \t<ul class=\"post-meta\">\n\t\t\t\t\t\t\t\n\t\t\t\t\t\t\t\t\n\t\t\t\t\t\t\t\t\n\t\t\t\t\t\t\t\t\n\t\t\t\t\t\t\t  \t\t\n\t\t\t\t\t\t\t  \t\n\t\t\t\t\t  \t<\/ul>\n\t\t\t\t\t  \n\t\t\t\t\t\t  \t\t\t\t\t\t\t  <h2 class=\"post-title\">\n\t\t\t\t\t\t\t\t  <a href=\"https:\/\/gvd.com.tr\/fr\/bulletin-du-24-septembre\/\" rel=\"bookmark\" title=\"Bulletin du 24 septembre\">\n\t\t\t\t\t\t\t\t\tBulletin du 24 septembre\t\t\t\t\t\t\t\t  <\/a>\n\t\t\t\t\t\t\t  <\/h2>\n\t\t\t\t\t\t  \n\t\t\t\t\t\t   \n\t\t\t\t\t\t\t  \t<div class=\"short_desc\">\n\t\t\t\t\t\t\t\t  \t<p>En tant qu'entreprise produisant des panneaux de type fixe et d\u00e9brochable \/ panneaux assembl\u00e9s, nous\u2026<\/p>\n\t\t\t\t\t\t\t  \t<\/div>\n\t\t\t\t\t\t  \n\t\t\t\t\t\t  \t\n\n\t\t\t\t\t\t   \t\t\t\t\t\t\t   \t\t<a class=\"icon\" href=\"https:\/\/gvd.com.tr\/fr\/bulletin-du-24-septembre\/\">\n\t\t\t\t\t\t   \t\t\t<i aria-hidden=\"true\" class=\"flaticon flaticon-right-arrow\"><\/i>\t\t\t\t\t\t   \t\t<\/a>\n\t\t\t\t\t\t   \t\t\n\t\t\t\t\t\t   \t \t\t\t\t\t  <\/div>\n\t\t\t\t\t  \n\t\t\t\t  <\/li>\t\n\t\t\t\t\t  \n\t\t\t  \t\t\t\t  <li class=\"item\">\n\n\t\t\t\t  \t<div class=\"media\">\n\n\t\t\t\t\t  \t\n\t\t\t\t\t  \t<div class=\"box-img\">\n\t\t\t\t\t  \t\t<a href=\"https:\/\/gvd.com.tr\/fr\/bulletin-du-24-aout\/\" rel=\"bookmark\" title=\"Bulletin du 24 ao\u00fbt\">\n\t\t\t\t\t\t\t  \t<img decoding=\"async\" src=\"https:\/\/gvd.com.tr\/wp-content\/uploads\/2025\/05\/gvd-group-draout-2024-newsletter.webp\" alt=\"Bulletin du 24 ao\u00fbt\">\n\t\t\t\t\t\t  \t<\/a>\n\t\t\t\t\t  \t<\/div>\t\t  \t\n\t\t\t\t\t  \t\n\t\t\t\t\t  \t\n\t\t\t\t  \t<\/div>\n\n\t\t\t\t  \t<div class=\"content\">\n\t\t\t\t\t\t\t\n\t\t\t\t\t  \t<ul class=\"post-meta\">\n\t\t\t\t\t\t\t\n\t\t\t\t\t\t\t\t\n\t\t\t\t\t\t\t\t\n\t\t\t\t\t\t\t\t\n\t\t\t\t\t\t\t  \t\t\n\t\t\t\t\t\t\t  \t\n\t\t\t\t\t  \t<\/ul>\n\t\t\t\t\t  \n\t\t\t\t\t\t  \t\t\t\t\t\t\t  <h2 class=\"post-title\">\n\t\t\t\t\t\t\t\t  <a href=\"https:\/\/gvd.com.tr\/fr\/bulletin-du-24-aout\/\" rel=\"bookmark\" title=\"Bulletin du 24 ao\u00fbt\">\n\t\t\t\t\t\t\t\t\tBulletin du 24 ao\u00fbt\t\t\t\t\t\t\t\t  <\/a>\n\t\t\t\t\t\t\t  <\/h2>\n\t\t\t\t\t\t  \n\t\t\t\t\t\t   \n\t\t\t\t\t\t\t  \t<div class=\"short_desc\">\n\t\t\t\t\t\t\t\t  \t<p>En tant que GVD, nous offrons une haute qualit\u00e9 \u00e0 des prix plus abordables \u00e0\u2026<\/p>\n\t\t\t\t\t\t\t  \t<\/div>\n\t\t\t\t\t\t  \n\t\t\t\t\t\t  \t\n\n\t\t\t\t\t\t   \t\t\t\t\t\t\t   \t\t<a class=\"icon\" href=\"https:\/\/gvd.com.tr\/fr\/bulletin-du-24-aout\/\">\n\t\t\t\t\t\t   \t\t\t<i aria-hidden=\"true\" class=\"flaticon flaticon-right-arrow\"><\/i>\t\t\t\t\t\t   \t\t<\/a>\n\t\t\t\t\t\t   \t\t\n\t\t\t\t\t\t   \t \t\t\t\t\t  <\/div>\n\t\t\t\t\t  \n\t\t\t\t  <\/li>\t\n\t\t\t\t\t  \n\t\t\t  \t\t\t\t  <li class=\"item\">\n\n\t\t\t\t  \t<div class=\"media\">\n\n\t\t\t\t\t  \t\n\t\t\t\t\t  \t<div class=\"box-img\">\n\t\t\t\t\t  \t\t<a href=\"https:\/\/gvd.com.tr\/fr\/bulletin-du-24-juin\/\" rel=\"bookmark\" title=\"Bulletin du 24 juin\">\n\t\t\t\t\t\t\t  \t<img decoding=\"async\" src=\"https:\/\/gvd.com.tr\/wp-content\/uploads\/2025\/01\/gvd-group-juin-2024-newsletter.webp\" alt=\"Bulletin du 24 juin\">\n\t\t\t\t\t\t  \t<\/a>\n\t\t\t\t\t  \t<\/div>\t\t  \t\n\t\t\t\t\t  \t\n\t\t\t\t\t  \t\n\t\t\t\t  \t<\/div>\n\n\t\t\t\t  \t<div class=\"content\">\n\t\t\t\t\t\t\t\n\t\t\t\t\t  \t<ul class=\"post-meta\">\n\t\t\t\t\t\t\t\n\t\t\t\t\t\t\t\t\n\t\t\t\t\t\t\t\t\n\t\t\t\t\t\t\t\t\n\t\t\t\t\t\t\t  \t\t\n\t\t\t\t\t\t\t  \t\n\t\t\t\t\t  \t<\/ul>\n\t\t\t\t\t  \n\t\t\t\t\t\t  \t\t\t\t\t\t\t  <h2 class=\"post-title\">\n\t\t\t\t\t\t\t\t  <a href=\"https:\/\/gvd.com.tr\/fr\/bulletin-du-24-juin\/\" rel=\"bookmark\" title=\"Bulletin du 24 juin\">\n\t\t\t\t\t\t\t\t\tBulletin du 24 juin\t\t\t\t\t\t\t\t  <\/a>\n\t\t\t\t\t\t\t  <\/h2>\n\t\t\t\t\t\t  \n\t\t\t\t\t\t   \n\t\t\t\t\t\t\t  \t<div class=\"short_desc\">\n\t\t\t\t\t\t\t\t  \t<p>Les modules de tiroirs Premium-XW peuvent \u00eatre facilement install\u00e9s et retir\u00e9s, \u00e9liminant ainsi le besoin\u2026<\/p>\n\t\t\t\t\t\t\t  \t<\/div>\n\t\t\t\t\t\t  \n\t\t\t\t\t\t  \t\n\n\t\t\t\t\t\t   \t\t\t\t\t\t\t   \t\t<a class=\"icon\" href=\"https:\/\/gvd.com.tr\/fr\/bulletin-du-24-juin\/\">\n\t\t\t\t\t\t   \t\t\t<i aria-hidden=\"true\" class=\"flaticon flaticon-right-arrow\"><\/i>\t\t\t\t\t\t   \t\t<\/a>\n\t\t\t\t\t\t   \t\t\n\t\t\t\t\t\t   \t \t\t\t\t\t  <\/div>\n\t\t\t\t\t  \n\t\t\t\t  <\/li>\t\n\t\t\t\t\t  \n\t\t\t  \t\t\t\t  <li class=\"item\">\n\n\t\t\t\t  \t<div class=\"media\">\n\n\t\t\t\t\t  \t\n\t\t\t\t\t  \t<div class=\"box-img\">\n\t\t\t\t\t  \t\t<a href=\"https:\/\/gvd.com.tr\/fr\/bulletin-du-24-mai\/\" rel=\"bookmark\" title=\"Bulletin du 24 mai\">\n\t\t\t\t\t\t\t  \t<img decoding=\"async\" src=\"https:\/\/gvd.com.tr\/wp-content\/uploads\/2022\/09\/gvd-group-mai-2024-newsletter.webp\" alt=\"Bulletin du 24 mai\">\n\t\t\t\t\t\t  \t<\/a>\n\t\t\t\t\t  \t<\/div>\t\t  \t\n\t\t\t\t\t  \t\n\t\t\t\t\t  \t\n\t\t\t\t  \t<\/div>\n\n\t\t\t\t  \t<div class=\"content\">\n\t\t\t\t\t\t\t\n\t\t\t\t\t  \t<ul class=\"post-meta\">\n\t\t\t\t\t\t\t\n\t\t\t\t\t\t\t\t\n\t\t\t\t\t\t\t\t\n\t\t\t\t\t\t\t\t\n\t\t\t\t\t\t\t  \t\t\n\t\t\t\t\t\t\t  \t\n\t\t\t\t\t  \t<\/ul>\n\t\t\t\t\t  \n\t\t\t\t\t\t  \t\t\t\t\t\t\t  <h2 class=\"post-title\">\n\t\t\t\t\t\t\t\t  <a href=\"https:\/\/gvd.com.tr\/fr\/bulletin-du-24-mai\/\" rel=\"bookmark\" title=\"Bulletin du 24 mai\">\n\t\t\t\t\t\t\t\t\tBulletin du 24 mai\t\t\t\t\t\t\t\t  <\/a>\n\t\t\t\t\t\t\t  <\/h2>\n\t\t\t\t\t\t  \n\t\t\t\t\t\t   \n\t\t\t\t\t\t\t  \t<div class=\"short_desc\">\n\t\t\t\t\t\t\t\t  \t<p>\u00ab En tant que fabricant de bo\u00eetiers \/ panneaux assembl\u00e9s de type fixe et d\u00e9brochable,\u2026<\/p>\n\t\t\t\t\t\t\t  \t<\/div>\n\t\t\t\t\t\t  \n\t\t\t\t\t\t  \t\n\n\t\t\t\t\t\t   \t\t\t\t\t\t\t   \t\t<a class=\"icon\" href=\"https:\/\/gvd.com.tr\/fr\/bulletin-du-24-mai\/\">\n\t\t\t\t\t\t   \t\t\t<i aria-hidden=\"true\" class=\"flaticon flaticon-right-arrow\"><\/i>\t\t\t\t\t\t   \t\t<\/a>\n\t\t\t\t\t\t   \t\t\n\t\t\t\t\t\t   \t \t\t\t\t\t  <\/div>\n\t\t\t\t\t  \n\t\t\t\t  <\/li>\t\n\t\t\t\t\t  \n\t\t\t  \t\t\t<\/ul>\n\n\t\t\t\t\t\t<\/div>\n\t\t\t\t<\/div>\n\t\t\t\t\t<\/div>\n\t\t\t\t<\/div>\n\t\t<div class=\"elementor-element elementor-element-50df31c e-flex e-con-boxed e-con e-parent\" data-id=\"50df31c\" data-element_type=\"container\" data-e-type=\"container\">\n\t\t\t\t\t<div class=\"e-con-inner\">\n\t\t\t\t\t<\/div>\n\t\t\t\t<\/div>\n\t\t\t\t<section class=\"elementor-section elementor-top-section elementor-element elementor-element-59b8c475 elementor-section-boxed elementor-section-height-default elementor-section-height-default\" data-id=\"59b8c475\" data-element_type=\"section\" data-e-type=\"section\" data-settings=\"{&quot;background_background&quot;:&quot;classic&quot;}\">\n\t\t\t\t\t\t<div class=\"elementor-container elementor-column-gap-no\">\n\t\t\t\t\t<div class=\"elementor-column elementor-col-50 elementor-top-column elementor-element elementor-element-25b7a25c\" data-id=\"25b7a25c\" data-element_type=\"column\" data-e-type=\"column\">\n\t\t\t<div class=\"elementor-widget-wrap elementor-element-populated\">\n\t\t\t\t\t\t<div class=\"elementor-element elementor-element-22a8c2ec elementor-widget elementor-widget-heading\" data-id=\"22a8c2ec\" data-element_type=\"widget\" data-e-type=\"widget\" data-widget_type=\"heading.default\">\n\t\t\t\t<div class=\"elementor-widget-container\">\n\t\t\t\t\t<h2 class=\"elementor-heading-title elementor-size-default\">Contactez-nous pour des informations d\u00e9taill\u00e9es sur nos produits et notre travail !<\/h2>\t\t\t\t<\/div>\n\t\t\t\t<\/div>\n\t\t\t\t\t<\/div>\n\t\t<\/div>\n\t\t\t\t<div class=\"elementor-column elementor-col-50 elementor-top-column elementor-element elementor-element-4f2a3827\" data-id=\"4f2a3827\" data-element_type=\"column\" data-e-type=\"column\">\n\t\t\t<div class=\"elementor-widget-wrap elementor-element-populated\">\n\t\t\t\t\t\t<div class=\"elementor-element elementor-element-37f583f4 elementor-align-center elementor-widget__width-auto elementor-widget elementor-widget-button\" data-id=\"37f583f4\" data-element_type=\"widget\" data-e-type=\"widget\" data-widget_type=\"button.default\">\n\t\t\t\t<div class=\"elementor-widget-container\">\n\t\t\t\t\t\t\t\t\t<div class=\"elementor-button-wrapper\">\n\t\t\t\t\t<a class=\"elementor-button elementor-button-link elementor-size-sm\" href=\"https:\/\/gvd.com.tr\/en\/contact\/\">\n\t\t\t\t\t\t<span class=\"elementor-button-content-wrapper\">\n\t\t\t\t\t\t\t\t\t<span class=\"elementor-button-text\">Contactez-nous<\/span>\n\t\t\t\t\t<\/span>\n\t\t\t\t\t<\/a>\n\t\t\t\t<\/div>\n\t\t\t\t\t\t\t\t<\/div>\n\t\t\t\t<\/div>\n\t\t\t\t\t<\/div>\n\t\t<\/div>\n\t\t\t\t\t<\/div>\n\t\t<\/section>\n\t\t\t\t<\/div>\n\t\t","protected":false},"excerpt":{"rendered":"<p>Nos newsletters Contactez-nous pour des informations d\u00e9taill\u00e9es sur nos produits et notre travail ! Contactez-nous<\/p>\n","protected":false},"author":1,"featured_media":0,"parent":0,"menu_order":0,"comment_status":"closed","ping_status":"closed","template":"elementor_header_footer","meta":{"footnotes":""},"class_list":["post-11469","page","type-page","status-publish","hentry"],"_links":{"self":[{"href":"https:\/\/gvd.com.tr\/fr\/wp-json\/wp\/v2\/pages\/11469","targetHints":{"allow":["GET"]}}],"collection":[{"href":"https:\/\/gvd.com.tr\/fr\/wp-json\/wp\/v2\/pages"}],"about":[{"href":"https:\/\/gvd.com.tr\/fr\/wp-json\/wp\/v2\/types\/page"}],"author":[{"embeddable":true,"href":"https:\/\/gvd.com.tr\/fr\/wp-json\/wp\/v2\/users\/1"}],"replies":[{"embeddable":true,"href":"https:\/\/gvd.com.tr\/fr\/wp-json\/wp\/v2\/comments?post=11469"}],"version-history":[{"count":4,"href":"https:\/\/gvd.com.tr\/fr\/wp-json\/wp\/v2\/pages\/11469\/revisions"}],"predecessor-version":[{"id":11482,"href":"https:\/\/gvd.com.tr\/fr\/wp-json\/wp\/v2\/pages\/11469\/revisions\/11482"}],"wp:attachment":[{"href":"https:\/\/gvd.com.tr\/fr\/wp-json\/wp\/v2\/media?parent=11469"}],"curies":[{"name":"wp","href":"https:\/\/api.w.org\/{rel}","templated":true}]}}