{"id":11769,"date":"2025-03-04T14:49:44","date_gmt":"2025-03-04T11:49:44","guid":{"rendered":"https:\/\/gvd.com.tr\/contact\/"},"modified":"2025-10-05T20:20:32","modified_gmt":"2025-10-05T17:20:32","slug":"contact","status":"publish","type":"page","link":"https:\/\/gvd.com.tr\/fr\/contact\/","title":{"rendered":"Contact"},"content":{"rendered":"\t\t<div data-elementor-type=\"wp-page\" data-elementor-id=\"11769\" class=\"elementor elementor-11769 elementor-9177\" data-elementor-post-type=\"page\">\n\t\t\t\t\t\t<section class=\"elementor-section elementor-top-section elementor-element elementor-element-ea5132c elementor-section-boxed elementor-section-height-default elementor-section-height-default\" data-id=\"ea5132c\" data-element_type=\"section\" data-e-type=\"section\">\n\t\t\t\t\t\t<div class=\"elementor-container elementor-column-gap-no\">\n\t\t\t\t\t<div class=\"elementor-column elementor-col-33 elementor-top-column elementor-element elementor-element-7e7aee4\" data-id=\"7e7aee4\" data-element_type=\"column\" data-e-type=\"column\">\n\t\t\t<div class=\"elementor-widget-wrap elementor-element-populated\">\n\t\t\t\t\t\t<div class=\"elementor-element elementor-element-7481fe2 elementor-widget elementor-widget-auntri_elementor_contact_info_box\" data-id=\"7481fe2\" data-element_type=\"widget\" data-e-type=\"widget\" data-widget_type=\"auntri_elementor_contact_info_box.default\">\n\t\t\t\t<div class=\"elementor-widget-container\">\n\t\t\t\t\t\t\t\t<div class=\"ova-contact-info-box \">\n\t\t\t\t\n\t\t\t\t\t\t\t\t\t\n\t\t\t\t<div class=\"contact\">\n\t\t\t\t\t\n\t\t\t\t\t\t\t\t\t\t\t<div class=\"label\">\n\t\t\t\t\t\t\tObtenir un devis\t\t\t\t\t\t<\/div>\n\t\t\t\t\t\n\t\t\t\t\t<ul class=\"info\">\n\t\t\t\t\t\t\n\t\t\t\t\t\t\t\t<li class=\"item\">\n\n\t\t\t\t\t\t\t\t\t\t\t\t\t\t\t\t\t\t\t\t\tVous pouvez nous contacter via l&#039;e-mail ci-dessous pour un devis.\t\t\t\t\t\t\t\t\t\t\t\t\t\t\t\t\t\t\t<\/li>\n\t\t\t\t\t\t\t\n\t\t\t\t\t\t\n\t\t\t\t\t\t\t\t<li class=\"item\">\n\n\t\t\t\t\t\t\t\t\t\t\t\t\t\t\t\t\t\t\t\t\t<a href=\"mailto:export@gvd.com.tr \">\n\t\t\t\t\t\t\t\t\t\t\t\t\texport@gvd.com.tr\t\t\t\t\t\t\t\t\t\t\t\t<\/a>\n\t\t\t\t\t\t\t\t\t\t\t\t\t\t\t\t\t\t\t<\/li>\n\t\t\t\t\t\t\t\n\t\t\t\t\t\t\t\t\t\t\t<\/ul>\n\n\t\t\t\t<\/div>\n\t\t\t\t<div class=\"contact-btn\">\n\t\t\t\t\t<div class=\"button-mask\"><\/div>\n\t\t\t\t\t\n\t\t\t\t\t\t\t<a class=\"btn btn-contact\" href=\"#\" target=\"_blank\">\n\t\t\t\t\t\t\t\t<span class=\"text\">\n\t\t\t\t\t\t\t\t\tContact \n\t\t\t\t\t\t\t\t<\/span>\n\t\t\t\t\t\t\t<\/a>\n\t\t\t\t\t\t\t\n\t\t\t\t\t\n\t\t\t\t<\/div>\n\t\t\t<\/div>\n\n\t\t\t\t\t\t<\/div>\n\t\t\t\t<\/div>\n\t\t\t\t\t<\/div>\n\t\t<\/div>\n\t\t\t\t<div class=\"elementor-column elementor-col-33 elementor-top-column elementor-element elementor-element-ee7b630\" data-id=\"ee7b630\" data-element_type=\"column\" data-e-type=\"column\">\n\t\t\t<div class=\"elementor-widget-wrap elementor-element-populated\">\n\t\t\t\t\t\t<div class=\"elementor-element elementor-element-7204744 elementor-widget elementor-widget-auntri_elementor_contact_info_box\" data-id=\"7204744\" data-element_type=\"widget\" data-e-type=\"widget\" data-widget_type=\"auntri_elementor_contact_info_box.default\">\n\t\t\t\t<div class=\"elementor-widget-container\">\n\t\t\t\t\t\t\t\t<div class=\"ova-contact-info-box \">\n\t\t\t\t\n\t\t\t\t\t\t\t\t\t\n\t\t\t\t<div class=\"contact\">\n\t\t\t\t\t\n\t\t\t\t\t\t\t\t\t\t\t<div class=\"label\">\n\t\t\t\t\t\t\tCourriel \/ T\u00e9l\u00e9phone\t\t\t\t\t\t<\/div>\n\t\t\t\t\t\n\t\t\t\t\t<ul class=\"info\">\n\t\t\t\t\t\t\n\t\t\t\t\t\t\t\t<li class=\"item\">\n\n\t\t\t\t\t\t\t\t\t\t\t\t\t\t\t\t\t\t\t\t\tLundi-samedi 8h00 - 18h30\t\t\t\t\t\t\t\t\t\t\t\t\t\t\t\t\t\t\t<\/li>\n\t\t\t\t\t\t\t\n\t\t\t\t\t\t\n\t\t\t\t\t\t\t\t<li class=\"item\">\n\n\t\t\t\t\t\t\t\t\t\t\t\t\t\t\t\t\t\t\t\t\t<a href=\"mailto:gvd@gvd.com.tr \">\n\t\t\t\t\t\t\t\t\t\t\t\t\tgvd@gvd.com.tr\t\t\t\t\t\t\t\t\t\t\t\t<\/a>\n\t\t\t\t\t\t\t\t\t\t\t\t\t\t\t\t\t\t\t<\/li>\n\t\t\t\t\t\t\t\n\t\t\t\t\t\t\n\t\t\t\t\t\t\t\t<li class=\"item\">\n\n\t\t\t\t\t\t\t\t\t\t\t\t\t\t\t\t\t\t\t\t\t<a href=\"tel:+90 216 455 15 50 \">\n\t\t\t\t\t\t\t\t\t\t\t\t\t+90 216 455 15 50\t\t\t\t\t\t\t\t\t\t\t\t<\/a>\n\t\t\t\t\t\t\t\t\t\t\t\t\t\t\t\t\t\t\t<\/li>\n\t\t\t\t\t\t\t\n\t\t\t\t\t\t\t\t\t\t\t<\/ul>\n\n\t\t\t\t<\/div>\n\t\t\t\t<div class=\"contact-btn\">\n\t\t\t\t\t<div class=\"button-mask\"><\/div>\n\t\t\t\t\t\n\t\t\t\t\t\t\t<a class=\"btn btn-contact\" href=\"#\" target=\"_blank\">\n\t\t\t\t\t\t\t\t<span class=\"text\">\n\t\t\t\t\t\t\t\t\tContact \n\t\t\t\t\t\t\t\t<\/span>\n\t\t\t\t\t\t\t<\/a>\n\t\t\t\t\t\t\t\n\t\t\t\t\t\n\t\t\t\t<\/div>\n\t\t\t<\/div>\n\n\t\t\t\t\t\t<\/div>\n\t\t\t\t<\/div>\n\t\t\t\t\t<\/div>\n\t\t<\/div>\n\t\t\t\t<div class=\"elementor-column elementor-col-33 elementor-top-column elementor-element elementor-element-95357e3\" data-id=\"95357e3\" data-element_type=\"column\" data-e-type=\"column\">\n\t\t\t<div class=\"elementor-widget-wrap elementor-element-populated\">\n\t\t\t\t\t\t<div class=\"elementor-element elementor-element-b378b68 elementor-widget elementor-widget-auntri_elementor_contact_info_box\" data-id=\"b378b68\" data-element_type=\"widget\" data-e-type=\"widget\" data-widget_type=\"auntri_elementor_contact_info_box.default\">\n\t\t\t\t<div class=\"elementor-widget-container\">\n\t\t\t\t\t\t\t\t<div class=\"ova-contact-info-box \">\n\t\t\t\t\n\t\t\t\t\t\t\t\t\t\n\t\t\t\t<div class=\"contact\">\n\t\t\t\t\t\n\t\t\t\t\t\t\t\t\t\t\t<div class=\"label\">\n\t\t\t\t\t\t\tAdresse\t\t\t\t\t\t<\/div>\n\t\t\t\t\t\n\t\t\t\t\t<ul class=\"info\">\n\t\t\t\t\t\t\n\t\t\t\t\t\t\t\t<li class=\"item\">\n\n\t\t\t\t\t\t\t\t\t<a href=\"https:\/\/maps.app.goo.gl\/M5sJt2KfAco9BnJm7\" target=\"_blank\">Atat\u00fcrk Mah. Metropol \u0130stanbul A Blok Kat: 21 No: 331 Ata\u015fehir \/ \u0130stanbul \/ T\u00fcrkiye<\/a>\t\t\t\t\t\t\t\t<\/li>\n\t\t\t\t\t\t\t\n\t\t\t\t\t\t\t\t\t\t\t<\/ul>\n\n\t\t\t\t<\/div>\n\t\t\t\t<div class=\"contact-btn\">\n\t\t\t\t\t<div class=\"button-mask\"><\/div>\n\t\t\t\t\t\n\t\t\t\t\t\t\t<a class=\"btn btn-contact\" href=\"https:\/\/maps.app.goo.gl\/dZEqBagjYL6uME4y6\" target=\"_blank\">\n\t\t\t\t\t\t\t\t<span class=\"text\">\n\t\t\t\t\t\t\t\t\tINSTRUCTIONS \n\t\t\t\t\t\t\t\t<\/span>\n\t\t\t\t\t\t\t<\/a>\n\t\t\t\t\t\t\t\n\t\t\t\t\t\n\t\t\t\t<\/div>\n\t\t\t<\/div>\n\n\t\t\t\t\t\t<\/div>\n\t\t\t\t<\/div>\n\t\t\t\t\t<\/div>\n\t\t<\/div>\n\t\t\t\t\t<\/div>\n\t\t<\/section>\n\t\t\t\t<section class=\"elementor-section elementor-top-section elementor-element elementor-element-3b76bc1 elementor-section-boxed elementor-section-height-default elementor-section-height-default\" data-id=\"3b76bc1\" data-element_type=\"section\" data-e-type=\"section\">\n\t\t\t\t\t\t\t<div class=\"elementor-background-overlay\"><\/div>\n\t\t\t\t\t\t\t<div class=\"elementor-container elementor-column-gap-no\">\n\t\t\t\t\t<div class=\"elementor-column elementor-col-100 elementor-top-column elementor-element elementor-element-2d7f9f1\" data-id=\"2d7f9f1\" data-element_type=\"column\" data-e-type=\"column\">\n\t\t\t<div class=\"elementor-widget-wrap elementor-element-populated\">\n\t\t\t\t\t\t<div class=\"elementor-element elementor-element-e5f84ec elementor-widget elementor-widget-auntri_elementor_heading\" data-id=\"e5f84ec\" data-element_type=\"widget\" data-e-type=\"widget\" data-widget_type=\"auntri_elementor_heading.default\">\n\t\t\t\t<div class=\"elementor-widget-container\">\n\t\t\t\t\t\n\t\t<div class=\"ova-title\">\n\n\t\t\t\n\t\t\t\t\t\t\t\n\t\t\t\t\t\t\t\t\t<div class=\"box-title\">\n\t\t\t\t\t\t<div class=\"line-top\"><\/div>\n\t\t\t\t\n\t\t\t\t\t\n\t\t\t\t\t\t<h2 class=\"title\">FORMULAIRE DE CONTACT<\/h2>\n\n\t\t\t\t\t\n\t\t\t\t\t\t\t\t\t<\/div>\n\t\t\t\t\n\t\t\t\n\t\t\t\n\t\t<\/div>\n\t\t \t\n\t\t\t\t\t\t<\/div>\n\t\t\t\t<\/div>\n\t\t\t\t<div class=\"elementor-element elementor-element-d900e37 elementor-widget elementor-widget-elementskit-contact-form7\" data-id=\"d900e37\" data-element_type=\"widget\" data-e-type=\"widget\" data-widget_type=\"elementskit-contact-form7.default\">\n\t\t\t\t<div class=\"elementor-widget-container\">\n\t\t\t\t\t<div class=\"ekit-wid-con\" ><div class=\"ekit-form\">\n<div class=\"wpcf7 no-js\" id=\"wpcf7-f11926-p11769-o1\" lang=\"tr-TR\" dir=\"ltr\" data-wpcf7-id=\"11926\">\n<div class=\"screen-reader-response\"><p role=\"status\" aria-live=\"polite\" aria-atomic=\"true\"><\/p> <ul><\/ul><\/div>\n<form action=\"\/fr\/contact\/#wpcf7-f11926-p11769-o1\" method=\"post\" class=\"wpcf7-form init\" aria-label=\"\u0130leti\u015fim Formu\" novalidate=\"novalidate\" data-status=\"init\">\n<fieldset class=\"hidden-fields-container\"><input type=\"hidden\" name=\"_wpcf7\" value=\"11926\" \/><input type=\"hidden\" name=\"_wpcf7_version\" value=\"6.1.4\" \/><input type=\"hidden\" name=\"_wpcf7_locale\" value=\"tr_TR\" \/><input type=\"hidden\" name=\"_wpcf7_unit_tag\" value=\"wpcf7-f11926-p11769-o1\" \/><input type=\"hidden\" name=\"_wpcf7_container_post\" value=\"11769\" \/><input type=\"hidden\" name=\"_wpcf7_posted_data_hash\" value=\"\" \/>\n<\/fieldset>\n<p><label> Votre nom<br \/>\n<span class=\"wpcf7-form-control-wrap\" data-name=\"your-name\"><input size=\"40\" maxlength=\"400\" class=\"wpcf7-form-control wpcf7-text wpcf7-validates-as-required\" autocomplete=\"name\" aria-required=\"true\" aria-invalid=\"false\" value=\"\" type=\"text\" name=\"your-name\" \/><\/span> <\/label>\n<\/p>\n<p><label> Votre email<br \/>\n<span class=\"wpcf7-form-control-wrap\" data-name=\"your-email\"><input size=\"40\" maxlength=\"400\" class=\"wpcf7-form-control wpcf7-email wpcf7-validates-as-required wpcf7-text wpcf7-validates-as-email\" autocomplete=\"email\" aria-required=\"true\" aria-invalid=\"false\" value=\"\" type=\"email\" name=\"your-email\" \/><\/span> <\/label>\n<\/p>\n<p><label> Sujet<br \/>\n<span class=\"wpcf7-form-control-wrap\" data-name=\"your-subject\"><input size=\"40\" maxlength=\"400\" class=\"wpcf7-form-control wpcf7-text wpcf7-validates-as-required\" aria-required=\"true\" aria-invalid=\"false\" value=\"\" type=\"text\" name=\"your-subject\" \/><\/span> <\/label>\n<\/p>\n<p><label> Votre message (optionnel)<br \/>\n<span class=\"wpcf7-form-control-wrap\" data-name=\"your-message\"><textarea cols=\"40\" rows=\"10\" maxlength=\"2000\" class=\"wpcf7-form-control wpcf7-textarea\" aria-invalid=\"false\" name=\"your-message\"><\/textarea><\/span> <\/label>\n<\/p>\n<p><input class=\"wpcf7-form-control wpcf7-submit has-spinner\" type=\"submit\" value=\"Envoyer\" \/>\n<\/p><div class=\"wpcf7-response-output\" aria-hidden=\"true\"><\/div>\n<\/form>\n<\/div>\n<\/div><\/div>\t\t\t\t<\/div>\n\t\t\t\t<\/div>\n\t\t\t\t\t<\/div>\n\t\t<\/div>\n\t\t\t\t\t<\/div>\n\t\t<\/section>\n\t\t\t\t<section class=\"elementor-section elementor-top-section elementor-element elementor-element-be316ea elementor-section-full_width elementor-section-height-default elementor-section-height-default\" data-id=\"be316ea\" data-element_type=\"section\" data-e-type=\"section\">\n\t\t\t\t\t\t<div class=\"elementor-container elementor-column-gap-no\">\n\t\t\t\t\t<div class=\"elementor-column elementor-col-100 elementor-top-column elementor-element elementor-element-e4247d5\" data-id=\"e4247d5\" data-element_type=\"column\" data-e-type=\"column\">\n\t\t\t<div class=\"elementor-widget-wrap elementor-element-populated\">\n\t\t\t\t\t\t<div class=\"elementor-element elementor-element-3d90ed9 elementor-widget elementor-widget-google_maps\" data-id=\"3d90ed9\" data-element_type=\"widget\" data-e-type=\"widget\" data-widget_type=\"google_maps.default\">\n\t\t\t\t<div class=\"elementor-widget-container\">\n\t\t\t\t\t\t\t<div class=\"elementor-custom-embed\">\n\t\t\t<iframe loading=\"lazy\"\n\t\t\t\t\tsrc=\"https:\/\/maps.google.com\/maps?q=Atat%C3%BCrk%20Mah%20Metropol%20%C4%B0stanbul%20A%20Blok%20Kat%3A21%20No%3A331%2C%2034758%20Ata%C5%9Fehir&#038;t=m&#038;z=13&#038;output=embed&#038;iwloc=near\"\n\t\t\t\t\ttitle=\"Atat\u00fcrk Mah Metropol \u0130stanbul A Blok Kat:21 No:331, 34758 Ata\u015fehir\"\n\t\t\t\t\taria-label=\"Atat\u00fcrk Mah Metropol \u0130stanbul A Blok Kat:21 No:331, 34758 Ata\u015fehir\"\n\t\t\t><\/iframe>\n\t\t<\/div>\n\t\t\t\t\t\t<\/div>\n\t\t\t\t<\/div>\n\t\t\t\t\t<\/div>\n\t\t<\/div>\n\t\t\t\t\t<\/div>\n\t\t<\/section>\n\t\t\t\t<\/div>\n\t\t\n    <div class=\"xs_social_share_widget xs_share_url after_content \t\tmain_content  wslu-style-1 wslu-share-box-shaped wslu-fill-colored wslu-none wslu-share-horizontal wslu-theme-font-no wslu-main_content\">\n\n\t\t\n        <ul>\n\t\t\t        <\/ul>\n    <\/div> \n","protected":false},"excerpt":{"rendered":"<p>Obtenir un devis Vous pouvez nous contacter via l&#039;e-mail ci-dessous pour un devis. export@gvd.com.tr Contact Courriel \/ T\u00e9l\u00e9phone Lundi-samedi 8h00 &#8211; 18h30 gvd@gvd.com.tr +90 216 455 15 50 Contact Adresse Atat\u00fcrk Mah. Metropol \u0130stanbul A Blok Kat: 21 No: 331 Ata\u015fehir \/ \u0130stanbul \/ T\u00fcrkiye INSTRUCTIONS FORMULAIRE DE CONTACT Votre nom Votre email Sujet Votre [&hellip;]<\/p>\n","protected":false},"author":1,"featured_media":0,"parent":0,"menu_order":0,"comment_status":"closed","ping_status":"closed","template":"elementor_header_footer","meta":{"footnotes":""},"class_list":["post-11769","page","type-page","status-publish","hentry"],"_links":{"self":[{"href":"https:\/\/gvd.com.tr\/fr\/wp-json\/wp\/v2\/pages\/11769","targetHints":{"allow":["GET"]}}],"collection":[{"href":"https:\/\/gvd.com.tr\/fr\/wp-json\/wp\/v2\/pages"}],"about":[{"href":"https:\/\/gvd.com.tr\/fr\/wp-json\/wp\/v2\/types\/page"}],"author":[{"embeddable":true,"href":"https:\/\/gvd.com.tr\/fr\/wp-json\/wp\/v2\/users\/1"}],"replies":[{"embeddable":true,"href":"https:\/\/gvd.com.tr\/fr\/wp-json\/wp\/v2\/comments?post=11769"}],"version-history":[{"count":10,"href":"https:\/\/gvd.com.tr\/fr\/wp-json\/wp\/v2\/pages\/11769\/revisions"}],"predecessor-version":[{"id":11935,"href":"https:\/\/gvd.com.tr\/fr\/wp-json\/wp\/v2\/pages\/11769\/revisions\/11935"}],"wp:attachment":[{"href":"https:\/\/gvd.com.tr\/fr\/wp-json\/wp\/v2\/media?parent=11769"}],"curies":[{"name":"wp","href":"https:\/\/api.w.org\/{rel}","templated":true}]}}