{"id":12918,"date":"2025-11-18T14:49:59","date_gmt":"2025-11-18T11:49:59","guid":{"rendered":"https:\/\/gvd.com.tr\/blog\/"},"modified":"2025-11-20T13:59:55","modified_gmt":"2025-11-20T10:59:55","slug":"blog","status":"publish","type":"page","link":"https:\/\/gvd.com.tr\/fr\/blog\/","title":{"rendered":"Blog"},"content":{"rendered":"\t\t<div data-elementor-type=\"wp-page\" data-elementor-id=\"12918\" class=\"elementor elementor-12918 elementor-12877\" data-elementor-post-type=\"page\">\n\t\t\t\t<div class=\"elementor-element elementor-element-3883f39 e-flex e-con-boxed e-con e-parent\" data-id=\"3883f39\" data-element_type=\"container\" data-e-type=\"container\" data-settings=\"{&quot;background_background&quot;:&quot;classic&quot;}\">\n\t\t\t\t\t<div class=\"e-con-inner\">\n\t\t\t\t<div class=\"elementor-element elementor-element-c79a00c elementor-widget elementor-widget-heading\" data-id=\"c79a00c\" data-element_type=\"widget\" data-e-type=\"widget\" data-widget_type=\"heading.default\">\n\t\t\t\t<div class=\"elementor-widget-container\">\n\t\t\t\t\t<h2 class=\"elementor-heading-title elementor-size-default\">Nos articles de blog<\/h2>\t\t\t\t<\/div>\n\t\t\t\t<\/div>\n\t\t\t\t\t<\/div>\n\t\t\t\t<\/div>\n\t\t<div class=\"elementor-element elementor-element-8d0e66e e-flex e-con-boxed e-con e-parent\" data-id=\"8d0e66e\" data-element_type=\"container\" data-e-type=\"container\" data-settings=\"{&quot;background_background&quot;:&quot;classic&quot;}\">\n\t\t\t\t\t<div class=\"e-con-inner\">\n\t\t\t\t<div class=\"elementor-element elementor-element-3ace1d6 elementor-widget elementor-widget-auntri_elementor_blog\" data-id=\"3ace1d6\" data-element_type=\"widget\" data-e-type=\"widget\" data-widget_type=\"auntri_elementor_blog.default\">\n\t\t\t\t<div class=\"elementor-widget-container\">\n\t\t\t\t\t\n\t\t\t<ul class=\"ova-blog ova-column_3 version_4 \">\n\t\t\t  \t\t\t\t\t  <li class=\"item\">\n\n\t\t\t\t  \t<div class=\"media\">\n\n\t\t\t\t\t  \t\n\t\t\t\t\t  \t<div class=\"box-img\">\n\t\t\t\t\t  \t\t<a href=\"https:\/\/gvd.com.tr\/fr\/turkiyede-ag-pano-uretimi-iec-61439-tip-testli\/\" rel=\"bookmark\" title=\"T\u00fcrkiye\u2019de IEC 61439 Tip Testli Al\u00e7ak Gerilim Pano \u0130malat\u0131 | GVD Group\">\n\t\t\t\t\t\t\t  \t<img decoding=\"async\" src=\"https:\/\/gvd.com.tr\/wp-content\/uploads\/2026\/01\/gvd-group-iec-tip-testli-alcak-gerilim-pano-imalati.webp\" alt=\"T\u00fcrkiye\u2019de IEC 61439 Tip Testli Al\u00e7ak Gerilim Pano \u0130malat\u0131 | GVD Group\">\n\t\t\t\t\t\t  \t<\/a>\n\t\t\t\t\t  \t<\/div>\t\t  \t\n\t\t\t\t\t  \t\n\t\t\t\t\t  \t\n\t\t\t\t  \t<\/div>\n\n\t\t\t\t  \t<div class=\"content\">\n\t\t\t\t\t\t\t\n\t\t\t\t\t  \t<ul class=\"post-meta\">\n\t\t\t\t\t\t\t\n\t\t\t\t\t\t\t\t\n\t\t\t\t\t\t\t\t\n\t\t\t\t\t\t\t\t\n\t\t\t\t\t\t\t  \t\t\n\t\t\t\t\t\t\t  \t\n\t\t\t\t\t  \t<\/ul>\n\t\t\t\t\t  \n\t\t\t\t\t\t  \t\t\t\t\t\t\t  <h2 class=\"post-title\">\n\t\t\t\t\t\t\t\t  <a href=\"https:\/\/gvd.com.tr\/fr\/turkiyede-ag-pano-uretimi-iec-61439-tip-testli\/\" rel=\"bookmark\" title=\"T\u00fcrkiye\u2019de IEC 61439 Tip Testli Al\u00e7ak Gerilim Pano \u0130malat\u0131 | GVD Group\">\n\t\t\t\t\t\t\t\t\tT\u00fcrkiye\u2019de IEC 61439 Tip Testli Al\u00e7ak Gerilim Pano \u0130malat\u0131 | GVD Group\t\t\t\t\t\t\t\t  <\/a>\n\t\t\t\t\t\t\t  <\/h2>\n\t\t\t\t\t\t  \n\t\t\t\t\t\t   \n\t\t\t\t\t\t\t  \t<div class=\"short_desc\">\n\t\t\t\t\t\t\t\t  \t<p>IEC 61439-1\/2 tip testli AG panolar, MCC\/PCC\/MPCC \u00e7\u00f6z\u00fcmleri, mod\u00fcler tasar\u0131m ve m\u00fchendislik do\u011frulamas\u0131yla GVD Group\u2019un\u2026<\/p>\n\t\t\t\t\t\t\t  \t<\/div>\n\t\t\t\t\t\t  \n\t\t\t\t\t\t  \t\n\n\t\t\t\t\t\t   \t\t\t\t\t\t\t   \t\t<a class=\"icon\" href=\"https:\/\/gvd.com.tr\/fr\/turkiyede-ag-pano-uretimi-iec-61439-tip-testli\/\">\n\t\t\t\t\t\t   \t\t\t<i aria-hidden=\"true\" class=\"flaticon flaticon-right-arrow\"><\/i>\t\t\t\t\t\t   \t\t<\/a>\n\t\t\t\t\t\t   \t\t\n\t\t\t\t\t\t   \t \t\t\t\t\t  <\/div>\n\t\t\t\t\t  \n\t\t\t\t  <\/li>\t\n\t\t\t\t\t  \n\t\t\t  \t\t\t\t  <li class=\"item\">\n\n\t\t\t\t  \t<div class=\"media\">\n\n\t\t\t\t\t  \t\n\t\t\t\t\t  \t<div class=\"box-img\">\n\t\t\t\t\t  \t\t<a href=\"https:\/\/gvd.com.tr\/fr\/quest-ce-quun-pcc-centre-de-controle-de-l-energie\/\" rel=\"bookmark\" title=\"Qu\u2019est-ce qu\u2019un PCC (Centre de contr\u00f4le de l&rsquo;\u00e9nergie) ? Caract\u00e9ristiques, Applications et Diff\u00e9rence de Qualit\u00e9 GVD\">\n\t\t\t\t\t\t\t  \t<img decoding=\"async\" src=\"https:\/\/gvd.com.tr\/wp-content\/uploads\/2025\/12\/gvd-group-pcc-blog-french.webp\" alt=\"Qu\u2019est-ce qu\u2019un PCC (Centre de contr\u00f4le de l&rsquo;\u00e9nergie) ? Caract\u00e9ristiques, Applications et Diff\u00e9rence de Qualit\u00e9 GVD\">\n\t\t\t\t\t\t  \t<\/a>\n\t\t\t\t\t  \t<\/div>\t\t  \t\n\t\t\t\t\t  \t\n\t\t\t\t\t  \t\n\t\t\t\t  \t<\/div>\n\n\t\t\t\t  \t<div class=\"content\">\n\t\t\t\t\t\t\t\n\t\t\t\t\t  \t<ul class=\"post-meta\">\n\t\t\t\t\t\t\t\n\t\t\t\t\t\t\t\t\n\t\t\t\t\t\t\t\t\n\t\t\t\t\t\t\t\t\n\t\t\t\t\t\t\t  \t\t\n\t\t\t\t\t\t\t  \t\n\t\t\t\t\t  \t<\/ul>\n\t\t\t\t\t  \n\t\t\t\t\t\t  \t\t\t\t\t\t\t  <h2 class=\"post-title\">\n\t\t\t\t\t\t\t\t  <a href=\"https:\/\/gvd.com.tr\/fr\/quest-ce-quun-pcc-centre-de-controle-de-l-energie\/\" rel=\"bookmark\" title=\"Qu\u2019est-ce qu\u2019un PCC (Centre de contr\u00f4le de l&rsquo;\u00e9nergie) ? Caract\u00e9ristiques, Applications et Diff\u00e9rence de Qualit\u00e9 GVD\">\n\t\t\t\t\t\t\t\t\tQu\u2019est-ce qu\u2019un PCC (Centre de contr\u00f4le de l&rsquo;\u00e9nergie) ? Caract\u00e9ristiques, Applications et Diff\u00e9rence de Qualit\u00e9 GVD\t\t\t\t\t\t\t\t  <\/a>\n\t\t\t\t\t\t\t  <\/h2>\n\t\t\t\t\t\t  \n\t\t\t\t\t\t   \n\t\t\t\t\t\t\t  \t<div class=\"short_desc\">\n\t\t\t\t\t\t\t\t  \t<p>D\u00e9couvrez ce qu\u2019est un PCC, ses caract\u00e9ristiques, ses domaines d\u2019application et pourquoi les solutions PCC\u2026<\/p>\n\t\t\t\t\t\t\t  \t<\/div>\n\t\t\t\t\t\t  \n\t\t\t\t\t\t  \t\n\n\t\t\t\t\t\t   \t\t\t\t\t\t\t   \t\t<a class=\"icon\" href=\"https:\/\/gvd.com.tr\/fr\/quest-ce-quun-pcc-centre-de-controle-de-l-energie\/\">\n\t\t\t\t\t\t   \t\t\t<i aria-hidden=\"true\" class=\"flaticon flaticon-right-arrow\"><\/i>\t\t\t\t\t\t   \t\t<\/a>\n\t\t\t\t\t\t   \t\t\n\t\t\t\t\t\t   \t \t\t\t\t\t  <\/div>\n\t\t\t\t\t  \n\t\t\t\t  <\/li>\t\n\t\t\t\t\t  \n\t\t\t  \t\t\t\t  <li class=\"item\">\n\n\t\t\t\t  \t<div class=\"media\">\n\n\t\t\t\t\t  \t\n\t\t\t\t\t  \t<div class=\"box-img\">\n\t\t\t\t\t  \t\t<a href=\"https:\/\/gvd.com.tr\/fr\/mpcc-forme-complete-centre-principal-de-controle-de-l-energie\/\" rel=\"bookmark\" title=\"MPCC Forme compl\u00e8te : Centre principal de contr\u00f4le de l&rsquo;\u00e9nergie \u2013 Signification, Caract\u00e9ristiques et Solutions GVD\">\n\t\t\t\t\t\t\t  \t<img decoding=\"async\" src=\"https:\/\/gvd.com.tr\/wp-content\/uploads\/2025\/11\/gvd-group-mpcc-full-form-means-french.webp\" alt=\"MPCC Forme compl\u00e8te : Centre principal de contr\u00f4le de l&rsquo;\u00e9nergie \u2013 Signification, Caract\u00e9ristiques et Solutions GVD\">\n\t\t\t\t\t\t  \t<\/a>\n\t\t\t\t\t  \t<\/div>\t\t  \t\n\t\t\t\t\t  \t\n\t\t\t\t\t  \t\n\t\t\t\t  \t<\/div>\n\n\t\t\t\t  \t<div class=\"content\">\n\t\t\t\t\t\t\t\n\t\t\t\t\t  \t<ul class=\"post-meta\">\n\t\t\t\t\t\t\t\n\t\t\t\t\t\t\t\t\n\t\t\t\t\t\t\t\t\n\t\t\t\t\t\t\t\t\n\t\t\t\t\t\t\t  \t\t\n\t\t\t\t\t\t\t  \t\n\t\t\t\t\t  \t<\/ul>\n\t\t\t\t\t  \n\t\t\t\t\t\t  \t\t\t\t\t\t\t  <h2 class=\"post-title\">\n\t\t\t\t\t\t\t\t  <a href=\"https:\/\/gvd.com.tr\/fr\/mpcc-forme-complete-centre-principal-de-controle-de-l-energie\/\" rel=\"bookmark\" title=\"MPCC Forme compl\u00e8te : Centre principal de contr\u00f4le de l&rsquo;\u00e9nergie \u2013 Signification, Caract\u00e9ristiques et Solutions GVD\">\n\t\t\t\t\t\t\t\t\tMPCC Forme compl\u00e8te : Centre principal de contr\u00f4le de l&rsquo;\u00e9nergie \u2013 Signification, Caract\u00e9ristiques et Solutions GVD\t\t\t\t\t\t\t\t  <\/a>\n\t\t\t\t\t\t\t  <\/h2>\n\t\t\t\t\t\t  \n\t\t\t\t\t\t   \n\t\t\t\t\t\t\t  \t<div class=\"short_desc\">\n\t\t\t\t\t\t\t\t  \t<p>D\u00e9couvrez la forme compl\u00e8te MPCC, sa signification, ses fonctions, ses caract\u00e9ristiques techniques et les solutions\u2026<\/p>\n\t\t\t\t\t\t\t  \t<\/div>\n\t\t\t\t\t\t  \n\t\t\t\t\t\t  \t\n\n\t\t\t\t\t\t   \t\t\t\t\t\t\t   \t\t<a class=\"icon\" href=\"https:\/\/gvd.com.tr\/fr\/mpcc-forme-complete-centre-principal-de-controle-de-l-energie\/\">\n\t\t\t\t\t\t   \t\t\t<i aria-hidden=\"true\" class=\"flaticon flaticon-right-arrow\"><\/i>\t\t\t\t\t\t   \t\t<\/a>\n\t\t\t\t\t\t   \t\t\n\t\t\t\t\t\t   \t \t\t\t\t\t  <\/div>\n\t\t\t\t\t  \n\t\t\t\t  <\/li>\t\n\t\t\t\t\t  \n\t\t\t  \t\t\t\t  <li class=\"item\">\n\n\t\t\t\t  \t<div class=\"media\">\n\n\t\t\t\t\t  \t\n\t\t\t\t\t  \t<div class=\"box-img\">\n\t\t\t\t\t  \t\t<a href=\"https:\/\/gvd.com.tr\/fr\/qu-est-ce-qu-un-mpcc-centre-de-controle-principal-de-l-energie\/\" rel=\"bookmark\" title=\"Qu&rsquo;est-ce qu&rsquo;un MPCC (Centre de Contr\u00f4le Principal de l&rsquo;\u00c9nergie)\u00a0? Caract\u00e9ristiques, applications et solutions GVD\">\n\t\t\t\t\t\t\t  \t<img decoding=\"async\" src=\"https:\/\/gvd.com.tr\/wp-content\/uploads\/2025\/11\/gvdgorup-blog-quest-ce-qu-un-mpcc.webp\" alt=\"Qu&rsquo;est-ce qu&rsquo;un MPCC (Centre de Contr\u00f4le Principal de l&rsquo;\u00c9nergie)\u00a0? Caract\u00e9ristiques, applications et solutions GVD\">\n\t\t\t\t\t\t  \t<\/a>\n\t\t\t\t\t  \t<\/div>\t\t  \t\n\t\t\t\t\t  \t\n\t\t\t\t\t  \t\n\t\t\t\t  \t<\/div>\n\n\t\t\t\t  \t<div class=\"content\">\n\t\t\t\t\t\t\t\n\t\t\t\t\t  \t<ul class=\"post-meta\">\n\t\t\t\t\t\t\t\n\t\t\t\t\t\t\t\t\n\t\t\t\t\t\t\t\t\n\t\t\t\t\t\t\t\t\n\t\t\t\t\t\t\t  \t\t\n\t\t\t\t\t\t\t  \t\n\t\t\t\t\t  \t<\/ul>\n\t\t\t\t\t  \n\t\t\t\t\t\t  \t\t\t\t\t\t\t  <h2 class=\"post-title\">\n\t\t\t\t\t\t\t\t  <a href=\"https:\/\/gvd.com.tr\/fr\/qu-est-ce-qu-un-mpcc-centre-de-controle-principal-de-l-energie\/\" rel=\"bookmark\" title=\"Qu&rsquo;est-ce qu&rsquo;un MPCC (Centre de Contr\u00f4le Principal de l&rsquo;\u00c9nergie)\u00a0? Caract\u00e9ristiques, applications et solutions GVD\">\n\t\t\t\t\t\t\t\t\tQu&rsquo;est-ce qu&rsquo;un MPCC (Centre de Contr\u00f4le Principal de l&rsquo;\u00c9nergie)\u00a0? Caract\u00e9ristiques, applications et solutions GVD\t\t\t\t\t\t\t\t  <\/a>\n\t\t\t\t\t\t\t  <\/h2>\n\t\t\t\t\t\t  \n\t\t\t\t\t\t   \n\t\t\t\t\t\t\t  \t<div class=\"short_desc\">\n\t\t\t\t\t\t\t\t  \t<p>Dans les installations industrielles, la fiabilit\u00e9 et l'efficacit\u00e9 de l'alimentation \u00e9lectrique reposent sur des syst\u00e8mes\u2026<\/p>\n\t\t\t\t\t\t\t  \t<\/div>\n\t\t\t\t\t\t  \n\t\t\t\t\t\t  \t\n\n\t\t\t\t\t\t   \t\t\t\t\t\t\t   \t\t<a class=\"icon\" href=\"https:\/\/gvd.com.tr\/fr\/qu-est-ce-qu-un-mpcc-centre-de-controle-principal-de-l-energie\/\">\n\t\t\t\t\t\t   \t\t\t<i aria-hidden=\"true\" class=\"flaticon flaticon-right-arrow\"><\/i>\t\t\t\t\t\t   \t\t<\/a>\n\t\t\t\t\t\t   \t\t\n\t\t\t\t\t\t   \t \t\t\t\t\t  <\/div>\n\t\t\t\t\t  \n\t\t\t\t  <\/li>\t\n\t\t\t\t\t  \n\t\t\t  \t\t\t<\/ul>\n\n\t\t\t\t\t\t<\/div>\n\t\t\t\t<\/div>\n\t\t\t\t\t<\/div>\n\t\t\t\t<\/div>\n\t\t<div class=\"elementor-element elementor-element-50df31c e-flex e-con-boxed e-con e-parent\" data-id=\"50df31c\" data-element_type=\"container\" data-e-type=\"container\">\n\t\t\t\t\t<div class=\"e-con-inner\">\n\t\t\t\t\t<\/div>\n\t\t\t\t<\/div>\n\t\t\t\t<section class=\"elementor-section elementor-top-section elementor-element elementor-element-59b8c475 elementor-section-boxed elementor-section-height-default elementor-section-height-default\" data-id=\"59b8c475\" data-element_type=\"section\" data-e-type=\"section\" data-settings=\"{&quot;background_background&quot;:&quot;classic&quot;}\">\n\t\t\t\t\t\t<div class=\"elementor-container elementor-column-gap-no\">\n\t\t\t\t\t<div class=\"elementor-column elementor-col-50 elementor-top-column elementor-element elementor-element-25b7a25c\" data-id=\"25b7a25c\" data-element_type=\"column\" data-e-type=\"column\">\n\t\t\t<div class=\"elementor-widget-wrap elementor-element-populated\">\n\t\t\t\t\t\t<div class=\"elementor-element elementor-element-22a8c2ec elementor-widget elementor-widget-heading\" data-id=\"22a8c2ec\" data-element_type=\"widget\" data-e-type=\"widget\" data-widget_type=\"heading.default\">\n\t\t\t\t<div class=\"elementor-widget-container\">\n\t\t\t\t\t<h2 class=\"elementor-heading-title elementor-size-default\">Contactez-nous pour obtenir des informations d\u00e9taill\u00e9es sur nos produits et notre travail !<\/h2>\t\t\t\t<\/div>\n\t\t\t\t<\/div>\n\t\t\t\t\t<\/div>\n\t\t<\/div>\n\t\t\t\t<div class=\"elementor-column elementor-col-50 elementor-top-column elementor-element elementor-element-4f2a3827\" data-id=\"4f2a3827\" data-element_type=\"column\" data-e-type=\"column\">\n\t\t\t<div class=\"elementor-widget-wrap elementor-element-populated\">\n\t\t\t\t\t\t<div class=\"elementor-element elementor-element-37f583f4 elementor-align-center elementor-widget__width-auto elementor-widget elementor-widget-button\" data-id=\"37f583f4\" data-element_type=\"widget\" data-e-type=\"widget\" data-widget_type=\"button.default\">\n\t\t\t\t<div class=\"elementor-widget-container\">\n\t\t\t\t\t\t\t\t\t<div class=\"elementor-button-wrapper\">\n\t\t\t\t\t<a class=\"elementor-button elementor-button-link elementor-size-sm\" href=\"https:\/\/gvd.com.tr\/fr\/contact\/\">\n\t\t\t\t\t\t<span class=\"elementor-button-content-wrapper\">\n\t\t\t\t\t\t\t\t\t<span class=\"elementor-button-text\">Contactez-nous<\/span>\n\t\t\t\t\t<\/span>\n\t\t\t\t\t<\/a>\n\t\t\t\t<\/div>\n\t\t\t\t\t\t\t\t<\/div>\n\t\t\t\t<\/div>\n\t\t\t\t\t<\/div>\n\t\t<\/div>\n\t\t\t\t\t<\/div>\n\t\t<\/section>\n\t\t\t\t<\/div>\n\t\t","protected":false},"excerpt":{"rendered":"<p>Nos articles de blog \u0427\u0442\u043e \u0442\u0430\u043a\u043e\u0435 MPCC (\u0413\u043b\u0430\u0432\u043d\u044b\u0439 \u0446\u0435\u043d\u0442\u0440 \u0443\u043f\u0440\u0430\u0432\u043b\u0435\u043d\u0438\u044f \u044d\u043b\u0435\u043a\u0442\u0440\u043e\u0441\u043d\u0430\u0431\u0436\u0435\u043d\u0438\u0435\u043c)? \u041e\u0441\u043e\u0431\u0435\u043d\u043d\u043e\u0441\u0442\u0438, \u043e\u0431\u043b\u0430\u0441\u0442\u0438 \u043f\u0440\u0438\u043c\u0435\u043d\u0435\u043d\u0438\u044f \u0438 \u0440\u0435\u0448\u0435\u043d\u0438\u044f GVD MPCC \u2014 \u0433\u043b\u0430\u0432\u043d\u044b\u0439 \u0446\u0435\u043d\u0442\u0440 \u0440\u0430\u0441\u043f\u0440\u0435\u0434\u0435\u043b\u0435\u043d\u0438\u044f \u044d\u043d\u0435\u0440\u0433\u0438\u0438 \u0432 \u043f\u0440\u043e\u043c\u044b\u0448\u043b\u0435\u043d\u043d\u044b\u0445 \u043e\u0431\u044a\u0435\u043a\u0442\u0430\u0445. \u0423\u0437\u043d\u0430\u0439\u0442\u0435 \u0445\u0430\u0440\u0430\u043a\u0442\u0435\u0440\u0438\u0441\u0442\u0438\u043a\u0438, \u043f\u0440\u0435\u0438\u043c\u0443\u0449\u0435\u0441\u0442\u0432\u0430 \u0438 \u043c\u0435\u0436\u0434\u0443\u043d\u0430\u0440\u043e\u0434\u043d\u044b\u0435 MPCC-\u0440\u0435\u0448\u0435\u043d\u0438\u044f&hellip; Contactez-nous pour obtenir des informations d\u00e9taill\u00e9es sur nos produits et notre travail ! Contactez-nous<\/p>\n","protected":false},"author":1,"featured_media":0,"parent":0,"menu_order":0,"comment_status":"closed","ping_status":"closed","template":"elementor_header_footer","meta":{"footnotes":""},"class_list":["post-12918","page","type-page","status-publish","hentry"],"_links":{"self":[{"href":"https:\/\/gvd.com.tr\/fr\/wp-json\/wp\/v2\/pages\/12918","targetHints":{"allow":["GET"]}}],"collection":[{"href":"https:\/\/gvd.com.tr\/fr\/wp-json\/wp\/v2\/pages"}],"about":[{"href":"https:\/\/gvd.com.tr\/fr\/wp-json\/wp\/v2\/types\/page"}],"author":[{"embeddable":true,"href":"https:\/\/gvd.com.tr\/fr\/wp-json\/wp\/v2\/users\/1"}],"replies":[{"embeddable":true,"href":"https:\/\/gvd.com.tr\/fr\/wp-json\/wp\/v2\/comments?post=12918"}],"version-history":[{"count":8,"href":"https:\/\/gvd.com.tr\/fr\/wp-json\/wp\/v2\/pages\/12918\/revisions"}],"predecessor-version":[{"id":12978,"href":"https:\/\/gvd.com.tr\/fr\/wp-json\/wp\/v2\/pages\/12918\/revisions\/12978"}],"wp:attachment":[{"href":"https:\/\/gvd.com.tr\/fr\/wp-json\/wp\/v2\/media?parent=12918"}],"curies":[{"name":"wp","href":"https:\/\/api.w.org\/{rel}","templated":true}]}}